{"id":96,"date":"2020-07-02T20:33:54","date_gmt":"2020-07-02T18:33:54","guid":{"rendered":"https:\/\/candis-projekt.de\/en\/?page_id=96"},"modified":"2025-05-08T11:38:12","modified_gmt":"2025-05-08T09:38:12","slug":"cannabis-addiction-treatment-system","status":"publish","type":"page","link":"https:\/\/candis-projekt.de\/en\/cannabis-addiction-treatment-system\/","title":{"rendered":"CANDIS &#8211; II"},"content":{"rendered":"\n<div style=\"height:1px\" aria-hidden=\"true\" class=\"wp-block-spacer uag-hide-mob\"><\/div>\n\n\n\n<h2 class=\"wp-block-heading has-accent-1-color has-text-color has-link-color wp-elements-8007535204ca7f16f7910dcf9165684e\">Implementation of the CANDIS targeted therapy for cannabis disorders in the German outpatient addiction treatment system<\/h2>\n\n\n\n<div style=\"height:10px\" aria-hidden=\"true\" class=\"wp-block-spacer\"><\/div>\n\n\n\n<h3 class=\"wp-block-heading\">Funding: Ministry of Health<\/h3>\n\n\n\n<p><em>Contributors<\/em>: PD Dr. Eva Hoch (head of project), Dipl.-Psych. Anja Pixa, Dipl. Psych. Katrin Dittmer, Dipl. Psych. Anne R\u00fchlmann, Dipl.-Stat. Dr. Michael H\u00f6fler, Prof. Dr. Gerhard B\u00fchringer, Prof. Dr. Hans-Ulrich Wittchen.<br><em>Duration:<\/em> 2007 \u2013 2010<\/p>\n\n\n\n<div style=\"height:10px\" aria-hidden=\"true\" class=\"wp-block-spacer\"><\/div>\n\n\n\n<h3 class=\"wp-block-heading\">Background<\/h3>\n\n\n\n<p>CANDIS is a modular withdrawal programme for adolescents (&gt; 16 years) and adults with problematic cannabis use. It was developed during the years 2004 \u2013 2007 at the <em>Institute for Clinical Psychology &amp; Psychotherapy, Technical University Dresden<\/em>, and was successfully tested in a randomised-controlled study. Within the scope of a transfer study it was examined if this approach is also applicable and effective in outpatient addiction treatment settings.<\/p>\n\n\n\n<div style=\"height:10px\" aria-hidden=\"true\" class=\"wp-block-spacer\"><\/div>\n\n\n\n<h2 class=\"wp-block-heading has-accent-1-color has-text-color has-link-color wp-elements-ddf28a1a04abc57d45e034cec87a23ad\">Method<\/h2>\n\n\n\n<h3 class=\"wp-block-heading\">1. Transfer of the CANDIS Therapy into routine treatment<\/h3>\n\n\n\n<p>Prior to begin of the study, interested outpatient addiction treatment centres from all over Germany could apply for participation. Out of 50 applications 11 settings from the towns Bautzen, Berlin (2 x), Braunschweig, Dresden, Hamburg, Hannover, Munich, M\u00fcnster, Osnabr\u00fcck and Stuttgart, were selected according to defined textual criteria (e. g. existing treatment documentation, training certificates of the scheduled study therapists in behavioural therapy, number of cannabis cases during the last year, regular implementation of urine controls, existing video equipment and consent for the details of the study). Following, two therapists per each study centre were trained to implement the therapy and conducted manualised treatments in accordance with the programme on patients of their settings included in the study during the whole recruitment period (May 2008 \u2013 April 2009). They were also responsible for the extensive scientific accompanying documentation as well as implementation of the catamneses in their settings.<\/p>\n\n\n\n<div style=\"height:10px\" aria-hidden=\"true\" class=\"wp-block-spacer\"><\/div>\n\n\n\n<h3 class=\"wp-block-heading\">2. Proof of efficacy of the CANDIS programme<\/h3>\n\n\n\n<p>In order to test its efficacy under real practice conditions, a multi-centric randomised-controlled intervention study was carried out. Adolescents (&gt; 16 years) and adults with problematic cannabis use were assigned randomly to either active study conditions (standardised single therapy ST; target n=150) or the waiting group (WG; target n=150). Patients of the waiting group could start treatment after a waiting period of 8 weeks. Primary result variable was \u201cabstinence\u201d, secondary result variable was \u201creduced consumption\u201d during the last 28 days. Result documentation was done by study therapists during first interview prior to therapy start, in sessions 1 \u2013 10, during final interview as well as in the catamneses three and six months after treatment start. For reassurance of the content and quality of treatment, all therapy sessions in the addiction treatment centres were recorded via video recorder. Monitoring of manual adherence was done routinely at the study centre in Dresden. All study therapists were informed on the quality of therapy implementation.<\/p>\n\n\n\n<div style=\"height:10px\" aria-hidden=\"true\" class=\"wp-block-spacer\"><\/div>\n\n\n\n<h3 class=\"wp-block-heading\">3. Evaluation of chances and barriers of practice transfer<\/h3>\n\n\n\n<p>Transfer of the CANDIS therapy into outpatient addiction treatment was to be documented via process evaluation. By using questionnaires, all n=22 study therapists were interviewed (e. g. therapy acceptance, positive changes, treatment barriers, perceived knowledge gain, motivation, image change of setting). Assessment was carried out by semi-standardised interviews of the study therapists and a survey of the head of the setting.<\/p>\n\n\n\n<div style=\"height:10px\" aria-hidden=\"true\" class=\"wp-block-spacer\"><\/div>\n\n\n\n<h3 class=\"wp-block-heading\">4. Development and pilot testing of the group-therapeutic CANDIS version<\/h3>\n\n\n\n<p>In order to make an economic treatment offer available also for large addiction treatment centres with a large number of clients with cannabis use, CANDIS single therapy was enhanced to a group-therapeutic program version (CANDIS_G). Aim of the new format was to especially apply the therapeutic advantages of group processes (motivation, feedback, social support, model learning). Therefore mainly the didactic procedure of the therapist was adapted. Structure, content and working materials of each treatment unit broadly remained the same. Feasibility and effectivity of CANDIS_G was to be tested within the scope of a small pilot project.<\/p>\n\n\n\n<div style=\"height:10px\" aria-hidden=\"true\" class=\"wp-block-spacer\"><\/div>\n\n\n\n<h2 class=\"wp-block-heading has-accent-1-color has-text-color has-link-color wp-elements-a267f96d3216eed450247d72d7f2be4a\">Results<\/h2>\n\n\n\n<p>The majority of study participants were males, average age was 26.3 years. Participants mainly had intensive cannabis use (approx. 21 use units per week), 88% fulfilled the lifetime diagnoses criteria (ICD-1) of cannabis dependence. According to the study results, participants benefitted from the intervention. Each second patient in the active therapy condition became abstinent; in the waiting control group each fourth patient. The performed urine screenings supported these results. Patients who did not become abstinent within the scope of treatment could, however, obtain a highly significant reduction of consumption days during the last 4 weeks. Therapy effects remained stable during catamnesis period.<\/p>\n\n\n\n<p>After therapy conclusion, all patients were asked to give grades for the CANDIS therapy. This resulted in an average grade of 1.6. Study therapists evaluated the programme on an average of&nbsp; \u201egood\u201c. The most important factors hampering the programme transfer were stated by the study therapists in the process evaluation.<\/p>\n\n\n\n<p>1.) Manualised therapy is difficult due to lack of spare time and high work load for problematic clients (e. g. unstructured, comorbidity, poor motivation for change).<\/p>\n\n\n\n<p>2.) Prejudices of colleagues against manualised therapy and<\/p>\n\n\n\n<p>3.) Poor cooperation with other regional services. Central factors promoting the transfer were:<\/p>\n\n\n\n<p>&#8211; Manualised procedure allows for clear structure, textual concept and documentation<br>support of treatment,<br>&#8211; Clarified cost takeover of the programme,<br>&#8211; Workshops for the mediation of contents and setup of competences and regular case reviews.<\/p>\n\n\n\n<div style=\"height:10px\" aria-hidden=\"true\" class=\"wp-block-spacer\"><\/div>\n\n\n\n<h2 class=\"wp-block-heading has-accent-1-color has-text-color has-link-color wp-elements-0bbc5ef901f6c304ece11416f1fa6833\">Conclusion<\/h2>\n\n\n\n<p>The CANDIS programme was well accepted by patients and therapists under routine conditions of the German outpatient addiction treatment net. It proofed to be effective for the treatment of problematic cannabis use.<\/p>\n\n\n\n<div style=\"height:10px\" aria-hidden=\"true\" class=\"wp-block-spacer\"><\/div>\n\n\n\n<h3 class=\"wp-block-heading\">Literatur<\/h3>\n\n\n\n<p>Hoch, E. (2016). Behandlung cannabisbezogener St\u00f6rungen. Habilitationsschrift. Eingereicht bei der Hohen Medizinischen Fakult\u00e4t Mannheim der Ruprecht-Karls-Universit\u00e4t Heidelberg.<\/p>\n\n\n\n<p class=\"copy-link\">Hoch, E., B\u00fchringer, G., Pixa, A., Dittmer, K., Henker, J., Seifert, A., Wittchen, H.U.. (2014) CANDIS treatment program for cannabis use disorders: Findings from a randomized multi-site translational trial. Drug and Alcohol Dependence 134 (2014) 185\u2013193<br><a href=\"https:\/\/www.ncbi.nlm.nih.gov\/pubmed\/24176199\">https:\/\/www.ncbi.nlm.nih.gov\/pubmed\/24176199<\/a><\/p>\n\n\n\n<p class=\"copy-link\">Hoch, E., Zimmermann, P., Henker, J., Rohrbacher, H., Noack, R., B\u00fchringer, G., Wittchen, H.-U. (2017). CANDIS Curriculum. A Marijuana Treatment Program for Youth and Adults. Hazelden: Betty Ford Foundation.<br><a href=\"https:\/\/www.hazelden.org\/store\/item\/502140\">https:\/\/www.hazelden.org\/store\/item\/502140<\/a><\/p>\n\n\n\n<p>Neumann, M., B\u00fchringer, G., H\u00f6fler, M., Wittchen, H.U., Hoch, E. (2018). Is cannabis use treatment also indicated for patients with low to moderate polysubstance use? European Addiction Research, 24(2):79-87.<\/p>\n\n\n\n<div style=\"height:var(--wp--preset--spacing--50)\" aria-hidden=\"true\" class=\"wp-block-spacer\"><\/div>\n\n\n\n<h2 class=\"wp-block-heading untertitel has-accent-1-color has-text-color has-link-color wp-elements-4215d47a7386dcf945480ce05367e316\">The following 10 addiction treatment settings plus one reserve setting participated in the study \u2013 implementation of the targeted therapy for cannabis disorders \u201cCANDIS\u201d in the German outpatient addiction treatment net:<\/h2>\n\n\n\n<h3 class=\"wp-block-heading\"><a href=\"http:\/\/www.drogenberatung-dresden.de\/\">Adolescent and Drug Counselling Dresden<\/a><\/h3>\n\n\n\n<p class=\"copy-link\">Wiener Stra\u00dfe 41<br>01219&nbsp;Dresden<br>Tel.: <span class=\"keinstrich\">0351 \/ 42 77 30<\/span><br>Ansprechpartner: Vivien G\u00f6tzke-Tonn<br><a href=\"mailto:info@drogenberatung-dresden.de\">info@drogenberatung-dresden.de<\/a><\/p>\n\n\n\n<div style=\"height:var(--wp--preset--spacing--50)\" aria-hidden=\"true\" class=\"wp-block-spacer\"><\/div>\n\n\n\n<h3 class=\"wp-block-heading\"><a href=\"http:\/\/www.awo-bautzen.de\/235\/Beratungsstellen\/Unserer_Einrichtungen\/Suchtberatung.html\">Psychosocial Counselling and Treatment Setting for drug-prone Persons and Addicts<\/a><\/h3>\n\n\n\n<p class=\"copy-link\">L\u00f6bauer Str.48<br>02625&nbsp;Bautzen<br>Tel.: <span class=\"keinstrich\">03591 \/ 32 61 140<\/span><br><a href=\"mailto:suchtberatung@awo-bautzen.de\">suchtberatung@awo-bautzen.de<\/a><\/p>\n\n\n\n<div style=\"height:var(--wp--preset--spacing--50)\" aria-hidden=\"true\" class=\"wp-block-spacer\"><\/div>\n\n\n\n<h3 class=\"wp-block-heading\"><a href=\"http:\/\/www.schuetze-deine-freiheit.de\/\">LogIn Youth- and Addiction Counseling<\/a><\/h3>\n\n\n\n<p class=\"copy-link\">Kaiser-Friedrich-Str. 82<br>10585&nbsp;Berlin<br>Tel.: <span class=\"keinstrich\">030 \/ 21 57 833<\/span><br>Ansprechpartner: Fr. Grastorf, Fr. Nimir<br><a href=\"mailto:info.login@drogennotdienst.org\">info.login@drogennotdienst.org<\/a><\/p>\n\n\n\n<div style=\"height:var(--wp--preset--spacing--50)\" aria-hidden=\"true\" class=\"wp-block-spacer\"><\/div>\n\n\n\n<h3 class=\"wp-block-heading\"><a href=\"http:\/\/www.therapieladen.de\/\">Therapieladen e.V.<\/a><\/h3>\n\n\n\n<p class=\"copy-link\">Potsdamer Stra\u00dfe 131<br>10783&nbsp;Berlin<br>Tel.: <span class=\"keinstrich\">030 \/ 23 60 779-0<\/span><br><a href=\"mailto:info@therapieladen.de\">info@therapieladen.de<\/a><\/p>\n\n\n\n<div style=\"height:var(--wp--preset--spacing--50)\" aria-hidden=\"true\" class=\"wp-block-spacer\"><\/div>\n\n\n\n<h3 class=\"wp-block-heading\"><a href=\"http:\/\/www.caritas-suchtambulanz.de\/\">Caritas Special Outpatient Clinic for Young Addicts<\/a><\/h3>\n\n\n\n<p class=\"copy-link\">Dachauer Str. 29<br>80335&nbsp;M\u00fcnchen<br>Tel.: <span class=\"keinstrich\">089 \/ 54 58 32-0<\/span><br>Ansprechpartner: Sven Frisch<br><a href=\"mailto:sven.frisch@caritasmuenchen.de\">sven.frisch@caritasmuenchen.de<\/a><\/p>\n\n\n\n<div style=\"height:var(--wp--preset--spacing--50)\" aria-hidden=\"true\" class=\"wp-block-spacer\"><\/div>\n\n\n\n<h3 class=\"wp-block-heading\"><a href=\"http:\/\/www.release-drogenberatung.de\/\">Release Stuttgart e. V. &amp; Outpatient Clinic and Treatment Service Stuttgart Hospital (cooperation)<\/a><\/h3>\n\n\n\n<p class=\"copy-link\">Villastr. 11<br>70190&nbsp;Stuttgart<br>Tel.: <span class=\"keinstrich\">0711 \/ 60 17 37 30<\/span><br><a href=\"mailto:release-villa@release-drogenberatung.de\">release-villa@release-drogenberatung.de<\/a><br>und<br>T\u00fcrlenstr. 22a<br>70191&nbsp;Stuttgart<br>Tel.: <span class=\"keinstrich\">0711 \/ 253 29 305<\/span><br><a href=\"mailto:suchtberatung@klinikum.de\">suchtberatung@klinikum.de<\/a><\/p>\n\n\n\n<div style=\"height:var(--wp--preset--spacing--50)\" aria-hidden=\"true\" class=\"wp-block-spacer\"><\/div>\n\n\n\n<h3 class=\"wp-block-heading\"><a href=\"http:\/\/www.lwl.org\/LWL\/Gesundheit\/psychiatrieverbund\/K\/klinik_muenster\/suchtkrankheiten\/\">Suchtambulanz der LWL-Klinik M\u00fcnster<\/a><\/h3>\n\n\n\n<p class=\"copy-link\">Friedrich-Wilhelm-Weber-Str. 30<br>48147&nbsp;M\u00fcnster<br>Tel.: <span class=\"keinstrich\">0251 \/ 591-02<\/span><br><a href=\"mailto:suchtambulanz@wkp-lwl.org\">suchtambulanz@wkp-lwl.org<\/a><\/p>\n\n\n\n<div style=\"height:var(--wp--preset--spacing--50)\" aria-hidden=\"true\" class=\"wp-block-spacer\"><\/div>\n\n\n\n<h3 class=\"wp-block-heading\">Caritas Fachambulanz f\u00fcr Suchtpr\u00e4vention und Rehabilitation Osnabr\u00fcck<\/h3>\n\n\n\n<p class=\"copy-link\">Johannisstra\u00dfe 91<br>49074&nbsp;Osnabr\u00fcck<br>Tel.: <span class=\"keinstrich\">0541 \/ 341-404<\/span><br>Ansprechpartner: Herr J. Kirchhoff, Claudia Westermann<br><a href=\"mailto:JKirchhoff@caritas-os.de\">JKirchhoff@caritas-os.de<\/a><\/p>\n\n\n\n<div style=\"height:var(--wp--preset--spacing--50)\" aria-hidden=\"true\" class=\"wp-block-spacer\"><\/div>\n\n\n\n<h3 class=\"wp-block-heading\"><a href=\"http:\/\/www.step-hannover.de\/data\/dbera\/dro_h0.html\">Drobs Hannover<\/a><\/h3>\n\n\n\n<p class=\"copy-link\">Odeonstra\u00dfe 14<br>30159&nbsp;Hannover<br>Ansprechpartner:<br>Katrin Alberts: Tel.: <span class=\"keinstrich\">0511 \/ 70 14 633<\/span><br>H. Wollnik: Tel.: <span class=\"keinstrich\">0511 \/ 70 14 624<\/span><br><a href=\"mailto:Katrin.Alberts@step-hannover.de\">Katrin.Alberts@step-hannover.de<\/a><\/p>\n\n\n\n<div style=\"height:var(--wp--preset--spacing--50)\" aria-hidden=\"true\" class=\"wp-block-spacer\"><\/div>\n\n\n\n<h3 class=\"wp-block-heading\"><a href=\"http:\/\/www.dieboje.de\/eimsbuettel\/index.html\">Die Boje &#8211; Suchtberatung und -behandlung<\/a><\/h3>\n\n\n\n<p class=\"copy-link\">Brauhausstieg 15-17<br>22041&nbsp;Hamburg<br>Tel.: <span class=\"keinstrich\">040\/ 444 091<\/span> sowie <span class=\"keinstrich\">040 \/ 73 14 949<\/span><br><a href=\"mailto:zelmer@dieboje.de\">zelmer@dieboje.de<\/a><br>oder:&nbsp;<a href=\"mailto:nauruschat@dieboje.de\">nauruschat@dieboje.de<\/a><\/p>\n\n\n\n<div style=\"height:var(--wp--preset--spacing--50)\" aria-hidden=\"true\" class=\"wp-block-spacer\"><\/div>\n\n\n\n<h3 class=\"wp-block-heading\"><a href=\"http:\/\/www.paritaetischer-bs.org\/einrichtungen\/nach-ort-sortiert\/braunschweig\/drobs-braunschweig.html\">Jugend- und Drogenberatung Braunschweig<\/a><\/h3>\n\n\n\n<p class=\"copy-link\">Au\u00dfenstelle &#8220;Clear&#8221;<br>Saarbr\u00fcckener Str. 50<br>38116&nbsp;Braunschweig<br>Ansprechpartner:<br>Fr. Scornavacche: Tel.: <span class=\"keinstrich\">0531 \/ 22 09 00<\/span><br>Fr. Herzmann: Tel.: <span class=\"keinstrich\">0531 \/ 480 79 90<\/span><br><a href=\"mailto:drobs-braunschweig@paritaetischer-bs.de\">drobs-braunschweig@paritaetischer-bs.de<\/a><\/p>\n","protected":false},"excerpt":{"rendered":"<p>Implementation of the CANDIS targeted therapy for cannabis disorders in the German outpatient addiction treatment system Funding: Ministry of Health Contributors: PD Dr. Eva Hoch (head of project), Dipl.-Psych. Anja Pixa, Dipl. Psych. Katrin Dittmer, Dipl. Psych. Anne R\u00fchlmann, Dipl.-Stat. Dr. Michael H\u00f6fler, Prof. Dr. Gerhard B\u00fchringer, Prof. Dr. Hans-Ulrich Wittchen.Duration: 2007 \u2013 2010 Background [&hellip;]<\/p>\n","protected":false},"author":1,"featured_media":0,"parent":0,"menu_order":0,"comment_status":"closed","ping_status":"closed","template":"","meta":{"_uag_custom_page_level_css":"","footnotes":""},"class_list":["post-96","page","type-page","status-publish","hentry"],"yoast_head":"<!-- This site is optimized with the Yoast SEO plugin v25.8 - https:\/\/yoast.com\/wordpress\/plugins\/seo\/ -->\n<title>CANDIS - II - CANDIS - english version<\/title>\n<meta name=\"robots\" content=\"index, follow, max-snippet:-1, max-image-preview:large, max-video-preview:-1\" \/>\n<link rel=\"canonical\" href=\"https:\/\/candis-projekt.de\/en\/cannabis-addiction-treatment-system\/\" \/>\n<meta property=\"og:locale\" content=\"en_GB\" \/>\n<meta property=\"og:type\" content=\"article\" \/>\n<meta property=\"og:title\" content=\"CANDIS - II - CANDIS - english version\" \/>\n<meta property=\"og:description\" content=\"Implementation of the CANDIS targeted therapy for cannabis disorders in the German outpatient addiction treatment system Funding: Ministry of Health Contributors: PD Dr. Eva Hoch (head of project), Dipl.-Psych. Anja Pixa, Dipl. Psych. Katrin Dittmer, Dipl. Psych. Anne R\u00fchlmann, Dipl.-Stat. Dr. Michael H\u00f6fler, Prof. Dr. Gerhard B\u00fchringer, Prof. Dr. Hans-Ulrich Wittchen.Duration: 2007 \u2013 2010 Background [&hellip;]\" \/>\n<meta property=\"og:url\" content=\"https:\/\/candis-projekt.de\/en\/cannabis-addiction-treatment-system\/\" \/>\n<meta property=\"og:site_name\" content=\"CANDIS - english version\" \/>\n<meta property=\"article:modified_time\" content=\"2025-05-08T09:38:12+00:00\" \/>\n<meta name=\"twitter:card\" content=\"summary_large_image\" \/>\n<meta name=\"twitter:label1\" content=\"Estimated reading time\" \/>\n\t<meta name=\"twitter:data1\" content=\"6 minutes\" \/>\n<script type=\"application\/ld+json\" class=\"yoast-schema-graph\">{\"@context\":\"https:\/\/schema.org\",\"@graph\":[{\"@type\":\"WebPage\",\"@id\":\"https:\/\/candis-projekt.de\/en\/cannabis-addiction-treatment-system\/\",\"url\":\"https:\/\/candis-projekt.de\/en\/cannabis-addiction-treatment-system\/\",\"name\":\"CANDIS - II - CANDIS - english version\",\"isPartOf\":{\"@id\":\"https:\/\/candis-projekt.de\/en\/#website\"},\"datePublished\":\"2020-07-02T18:33:54+00:00\",\"dateModified\":\"2025-05-08T09:38:12+00:00\",\"breadcrumb\":{\"@id\":\"https:\/\/candis-projekt.de\/en\/cannabis-addiction-treatment-system\/#breadcrumb\"},\"inLanguage\":\"en-GB\",\"potentialAction\":[{\"@type\":\"ReadAction\",\"target\":[\"https:\/\/candis-projekt.de\/en\/cannabis-addiction-treatment-system\/\"]}]},{\"@type\":\"BreadcrumbList\",\"@id\":\"https:\/\/candis-projekt.de\/en\/cannabis-addiction-treatment-system\/#breadcrumb\",\"itemListElement\":[{\"@type\":\"ListItem\",\"position\":1,\"name\":\"Startseite\",\"item\":\"https:\/\/candis-projekt.de\/en\/\"},{\"@type\":\"ListItem\",\"position\":2,\"name\":\"CANDIS &#8211; II\"}]},{\"@type\":\"WebSite\",\"@id\":\"https:\/\/candis-projekt.de\/en\/#website\",\"url\":\"https:\/\/candis-projekt.de\/en\/\",\"name\":\"CANDIS - english version\",\"description\":\"Withdrawal therapy for cannabis addiction\",\"publisher\":{\"@id\":\"https:\/\/candis-projekt.de\/en\/#organization\"},\"potentialAction\":[{\"@type\":\"SearchAction\",\"target\":{\"@type\":\"EntryPoint\",\"urlTemplate\":\"https:\/\/candis-projekt.de\/en\/?s={search_term_string}\"},\"query-input\":{\"@type\":\"PropertyValueSpecification\",\"valueRequired\":true,\"valueName\":\"search_term_string\"}}],\"inLanguage\":\"en-GB\"},{\"@type\":\"Organization\",\"@id\":\"https:\/\/candis-projekt.de\/en\/#organization\",\"name\":\"CANDIS - english version\",\"url\":\"https:\/\/candis-projekt.de\/en\/\",\"logo\":{\"@type\":\"ImageObject\",\"inLanguage\":\"en-GB\",\"@id\":\"https:\/\/candis-projekt.de\/en\/#\/schema\/logo\/image\/\",\"url\":\"https:\/\/candis-projekt.de\/en\/wp-content\/uploads\/sites\/3\/2020\/07\/cannabis-withdrawal-therapy-candis.png\",\"contentUrl\":\"https:\/\/candis-projekt.de\/en\/wp-content\/uploads\/sites\/3\/2020\/07\/cannabis-withdrawal-therapy-candis.png\",\"width\":264,\"height\":174,\"caption\":\"CANDIS - english version\"},\"image\":{\"@id\":\"https:\/\/candis-projekt.de\/en\/#\/schema\/logo\/image\/\"}}]}<\/script>\n<!-- \/ Yoast SEO plugin. -->","yoast_head_json":{"title":"CANDIS - II - CANDIS - english version","robots":{"index":"index","follow":"follow","max-snippet":"max-snippet:-1","max-image-preview":"max-image-preview:large","max-video-preview":"max-video-preview:-1"},"canonical":"https:\/\/candis-projekt.de\/en\/cannabis-addiction-treatment-system\/","og_locale":"en_GB","og_type":"article","og_title":"CANDIS - II - CANDIS - english version","og_description":"Implementation of the CANDIS targeted therapy for cannabis disorders in the German outpatient addiction treatment system Funding: Ministry of Health Contributors: PD Dr. Eva Hoch (head of project), Dipl.-Psych. Anja Pixa, Dipl. Psych. Katrin Dittmer, Dipl. Psych. Anne R\u00fchlmann, Dipl.-Stat. Dr. Michael H\u00f6fler, Prof. Dr. Gerhard B\u00fchringer, Prof. Dr. Hans-Ulrich Wittchen.Duration: 2007 \u2013 2010 Background [&hellip;]","og_url":"https:\/\/candis-projekt.de\/en\/cannabis-addiction-treatment-system\/","og_site_name":"CANDIS - english version","article_modified_time":"2025-05-08T09:38:12+00:00","twitter_card":"summary_large_image","twitter_misc":{"Estimated reading time":"6 minutes"},"schema":{"@context":"https:\/\/schema.org","@graph":[{"@type":"WebPage","@id":"https:\/\/candis-projekt.de\/en\/cannabis-addiction-treatment-system\/","url":"https:\/\/candis-projekt.de\/en\/cannabis-addiction-treatment-system\/","name":"CANDIS - II - CANDIS - english version","isPartOf":{"@id":"https:\/\/candis-projekt.de\/en\/#website"},"datePublished":"2020-07-02T18:33:54+00:00","dateModified":"2025-05-08T09:38:12+00:00","breadcrumb":{"@id":"https:\/\/candis-projekt.de\/en\/cannabis-addiction-treatment-system\/#breadcrumb"},"inLanguage":"en-GB","potentialAction":[{"@type":"ReadAction","target":["https:\/\/candis-projekt.de\/en\/cannabis-addiction-treatment-system\/"]}]},{"@type":"BreadcrumbList","@id":"https:\/\/candis-projekt.de\/en\/cannabis-addiction-treatment-system\/#breadcrumb","itemListElement":[{"@type":"ListItem","position":1,"name":"Startseite","item":"https:\/\/candis-projekt.de\/en\/"},{"@type":"ListItem","position":2,"name":"CANDIS &#8211; II"}]},{"@type":"WebSite","@id":"https:\/\/candis-projekt.de\/en\/#website","url":"https:\/\/candis-projekt.de\/en\/","name":"CANDIS - english version","description":"Withdrawal therapy for cannabis addiction","publisher":{"@id":"https:\/\/candis-projekt.de\/en\/#organization"},"potentialAction":[{"@type":"SearchAction","target":{"@type":"EntryPoint","urlTemplate":"https:\/\/candis-projekt.de\/en\/?s={search_term_string}"},"query-input":{"@type":"PropertyValueSpecification","valueRequired":true,"valueName":"search_term_string"}}],"inLanguage":"en-GB"},{"@type":"Organization","@id":"https:\/\/candis-projekt.de\/en\/#organization","name":"CANDIS - english version","url":"https:\/\/candis-projekt.de\/en\/","logo":{"@type":"ImageObject","inLanguage":"en-GB","@id":"https:\/\/candis-projekt.de\/en\/#\/schema\/logo\/image\/","url":"https:\/\/candis-projekt.de\/en\/wp-content\/uploads\/sites\/3\/2020\/07\/cannabis-withdrawal-therapy-candis.png","contentUrl":"https:\/\/candis-projekt.de\/en\/wp-content\/uploads\/sites\/3\/2020\/07\/cannabis-withdrawal-therapy-candis.png","width":264,"height":174,"caption":"CANDIS - english version"},"image":{"@id":"https:\/\/candis-projekt.de\/en\/#\/schema\/logo\/image\/"}}]}},"uagb_featured_image_src":{"full":false,"thumbnail":false,"medium":false,"medium_large":false,"large":false,"1536x1536":false,"2048x2048":false},"uagb_author_info":{"display_name":"candis","author_link":"https:\/\/candis-projekt.de\/en\/author\/munter19answerk\/"},"uagb_comment_info":0,"uagb_excerpt":"Implementation of the CANDIS targeted therapy for cannabis disorders in the German outpatient addiction treatment system Funding: Ministry of Health Contributors: PD Dr. Eva Hoch (head of project), Dipl.-Psych. Anja Pixa, Dipl. Psych. Katrin Dittmer, Dipl. Psych. Anne R\u00fchlmann, Dipl.-Stat. Dr. Michael H\u00f6fler, Prof. Dr. Gerhard B\u00fchringer, Prof. Dr. Hans-Ulrich Wittchen.Duration: 2007 \u2013 2010 Background&hellip;","_links":{"self":[{"href":"https:\/\/candis-projekt.de\/en\/wp-json\/wp\/v2\/pages\/96","targetHints":{"allow":["GET"]}}],"collection":[{"href":"https:\/\/candis-projekt.de\/en\/wp-json\/wp\/v2\/pages"}],"about":[{"href":"https:\/\/candis-projekt.de\/en\/wp-json\/wp\/v2\/types\/page"}],"author":[{"embeddable":true,"href":"https:\/\/candis-projekt.de\/en\/wp-json\/wp\/v2\/users\/1"}],"replies":[{"embeddable":true,"href":"https:\/\/candis-projekt.de\/en\/wp-json\/wp\/v2\/comments?post=96"}],"version-history":[{"count":5,"href":"https:\/\/candis-projekt.de\/en\/wp-json\/wp\/v2\/pages\/96\/revisions"}],"predecessor-version":[{"id":1635,"href":"https:\/\/candis-projekt.de\/en\/wp-json\/wp\/v2\/pages\/96\/revisions\/1635"}],"wp:attachment":[{"href":"https:\/\/candis-projekt.de\/en\/wp-json\/wp\/v2\/media?parent=96"}],"curies":[{"name":"wp","href":"https:\/\/api.w.org\/{rel}","templated":true}]}}