{"id":6,"date":"2020-07-02T20:04:00","date_gmt":"2020-07-02T18:04:00","guid":{"rendered":"https:\/\/candis-projekt.de\/en\/?page_id=6"},"modified":"2025-05-08T11:37:13","modified_gmt":"2025-05-08T09:37:13","slug":"therapy-cannabis-use-disorders","status":"publish","type":"page","link":"https:\/\/candis-projekt.de\/en\/therapy-cannabis-use-disorders\/","title":{"rendered":"CANDIS &#8211; I"},"content":{"rendered":"\n<div style=\"height:1px\" aria-hidden=\"true\" class=\"wp-block-spacer uag-hide-mob\"><\/div>\n\n\n\n<h2 class=\"wp-block-heading has-accent-1-color has-text-color has-link-color wp-elements-dfc0e6c76758ce3ed41b1eb93382a55f\">Development and testing of a therapy for cannabis use disorders<\/h2>\n\n\n\n<div style=\"height:10px\" aria-hidden=\"true\" class=\"wp-block-spacer\"><\/div>\n\n\n\n<h3 class=\"wp-block-heading\">Funding: Federal Ministry for Education and Research (project no. 01EB0440)<\/h3>\n\n\n\n<p><em>Contributors:<\/em> PD Dr. Eva Hoch (head of project), Dr. Jana Henker, Dr. Heike Rohrbacher, Dr. Ren\u00e9 Noack, Dipl.-Psych. Anja Pixa, Dipl.-Stat. Dr. Michael H\u00f6fler, Prof. Dr. Gerhard B\u00fchringer, Prof. Dr. Hans-Ulrich Wittchen<br><em>Duration:<\/em> 2004 \u2013 2007<\/p>\n\n\n\n<div style=\"height:10px\" aria-hidden=\"true\" class=\"wp-block-spacer\"><\/div>\n\n\n\n<h3 class=\"wp-block-heading\">Background<\/h3>\n\n\n\n<p>During the last 20 years, the number of treatments due to primary cannabis problems in German settings for addicts has increased ten-fold. For these clients, established therapy programmes with proven evidence of efficacy, tailored for the specific needs and problems of adolescents and adults with cannabis use disorders, were lacking.<\/p>\n\n\n\n<div style=\"height:10px\" aria-hidden=\"true\" class=\"wp-block-spacer\"><\/div>\n\n\n\n<h3 class=\"wp-block-heading\">Method<\/h3>\n\n\n\n<p>Within the scope of the randomised-controlled intervention study CANDIS, a cannabis withdrawal programme was developed and tested on n=122 probands at the <em>Institute for Clinical Psychology &amp; Psychotherapy, Technical University Dresden<\/em> (2004 \u2013 2007).<\/p>\n\n\n\n<p>The brief therapy (10 sessions) is based on the modules of motivation enhancement, cognitive-behavioural therapy and problem-solving training. Besides a fully standardised therapy condition (ST, n=51) a targeted standardised therapy (TST, n=39) was developed and adapted to the specific problem profile of the individual patient (motivation, psychosocial problems and comorbidity). The effectiveness of both therapy conditions was compared with a waiting control group (WKG: 8 weeks; n=32). Stability of treatment was assessed catamnestically three and six months after treatment conclusion.<\/p>\n\n\n\n<div style=\"height:10px\" aria-hidden=\"true\" class=\"wp-block-spacer\"><\/div>\n\n\n\n<h3 class=\"wp-block-heading\">Results<\/h3>\n\n\n\n<p>Participants of the CANDIS Study were mainly of mail gender (79%), approx. 24 years old and came from all population strata. Besides cannabis dependence (89%), additional mental disorders were present such as: affective disorders (37%), anxiety disorders (43%), alcohol abuse\/dependence (39%), abuse\/dependence of other illegal drugs (39%).<\/p>\n\n\n\n<p>80% of all therapy participants (n=90) gained well from the treatment (50% abstinent, 30% significantly reduced consumption). Retain quote was around 86%. Additionally, significant improvements were assessed concerning frequency of use during the last 7 days, severity of dependence, days of sick leave and psychopathology. Treatment effects remained stable in the catamneses three and six months after therapy conclusion.<\/p>\n\n\n\n<div style=\"height:10px\" aria-hidden=\"true\" class=\"wp-block-spacer\"><\/div>\n\n\n\n<h3 class=\"wp-block-heading\">Conclusion<\/h3>\n\n\n\n<p>The results of the evaluation study suggest that cannabis disorders can be treated effectively with the CANDIS behaviour-therapeutic brief therapy.<\/p>\n\n\n\n<div style=\"height:10px\" aria-hidden=\"true\" class=\"wp-block-spacer\"><\/div>\n\n\n\n<h3 class=\"wp-block-heading\">Literature<\/h3>\n\n\n\n<ul style=\"padding-left:var(--wp--preset--spacing--30)\" class=\"wp-block-list\">\n<li>Hoch, E. (2017). Behandlung cannabisbezogener St\u00f6rungen. Habilitationsschrift. Hohe Medizinischen Fakult\u00e4t Mannheim der Ruprecht-Karls-Universit\u00e4t Heidelberg.<\/li>\n\n\n\n<li class=\"copy-link\">Hoch E, Noack R, Henker J, Pixa A, H\u00f6fler M, Behrendt S, B\u00fchringer G, Wittchen HU. Efficacy of a targeted cognitive-behavioral treatment program for cannabis use disorders (CANDIS). Eur Neuropsychopharmacol. 2012 Apr;22(4):267-80. doi: 10.1016\/j.euroneuro.2011.07.014. Epub 2011 Aug 24.<br><a href=\"https:\/\/www.ncbi.nlm.nih.gov\/pubmed\/21865014\">https:\/\/www.ncbi.nlm.nih.gov\/pubmed\/21865014<\/a><\/li>\n\n\n\n<li class=\"copy-link\">Hoch, E. &amp; Rohrbacher, H. (2017). CANDIS: Modular Treatment for Cannabis Use Disorders. Handbook of Cannabis and Related Pathologies. Elsevier.<br><a href=\"http:\/\/dx.doi.org\/10.1016\/B978-0-12-800756-3.00130-7.\">http:\/\/dx.doi.org\/10.1016\/B978-0-12-800756-3.00130-7.<\/a><\/li>\n\n\n\n<li class=\"copy-link\">Hoch, E., Zimmermann, P., Henker, J., Rohrbacher, H., Noack, R., B\u00fchringer, G., Wittchen, H.-U. (2017). CANDIS Curriculum. A Marijuana Treatment Program for Youth and Adults .Hazelden: Betty Ford Foundation.<br><a href=\"https:\/\/www.hazelden.org\/OA_HTML\/ibeCCtpItmDspRte.jsp?item=502140&amp;sitex=10020:22372:US\">https:\/\/www.hazelden.org\/OA_HTML\/ibeCCtpItmDspRte.jsp?item=502140&amp;sitex=10020:22372:US<\/a><\/li>\n<\/ul>\n","protected":false},"excerpt":{"rendered":"<p>Development and testing of a therapy for cannabis use disorders Funding: Federal Ministry for Education and Research (project no. 01EB0440) Contributors: PD Dr. Eva Hoch (head of project), Dr. Jana Henker, Dr. Heike Rohrbacher, Dr. Ren\u00e9 Noack, Dipl.-Psych. Anja Pixa, Dipl.-Stat. Dr. Michael H\u00f6fler, Prof. Dr. Gerhard B\u00fchringer, Prof. Dr. Hans-Ulrich WittchenDuration: 2004 \u2013 2007 [&hellip;]<\/p>\n","protected":false},"author":1,"featured_media":0,"parent":0,"menu_order":0,"comment_status":"closed","ping_status":"closed","template":"","meta":{"_uag_custom_page_level_css":"","footnotes":""},"class_list":["post-6","page","type-page","status-publish","hentry"],"yoast_head":"<!-- This site is optimized with the Yoast SEO plugin v25.8 - https:\/\/yoast.com\/wordpress\/plugins\/seo\/ -->\n<title>CANDIS - I - CANDIS - english version<\/title>\n<meta name=\"robots\" content=\"index, follow, max-snippet:-1, max-image-preview:large, max-video-preview:-1\" \/>\n<link rel=\"canonical\" href=\"https:\/\/candis-projekt.de\/en\/therapy-cannabis-use-disorders\/\" \/>\n<meta property=\"og:locale\" content=\"en_GB\" \/>\n<meta property=\"og:type\" content=\"article\" \/>\n<meta property=\"og:title\" content=\"CANDIS - I - CANDIS - english version\" \/>\n<meta property=\"og:description\" content=\"Development and testing of a therapy for cannabis use disorders Funding: Federal Ministry for Education and Research (project no. 01EB0440) Contributors: PD Dr. Eva Hoch (head of project), Dr. Jana Henker, Dr. Heike Rohrbacher, Dr. Ren\u00e9 Noack, Dipl.-Psych. Anja Pixa, Dipl.-Stat. Dr. Michael H\u00f6fler, Prof. Dr. Gerhard B\u00fchringer, Prof. Dr. Hans-Ulrich WittchenDuration: 2004 \u2013 2007 [&hellip;]\" \/>\n<meta property=\"og:url\" content=\"https:\/\/candis-projekt.de\/en\/therapy-cannabis-use-disorders\/\" \/>\n<meta property=\"og:site_name\" content=\"CANDIS - english version\" \/>\n<meta property=\"article:modified_time\" content=\"2025-05-08T09:37:13+00:00\" \/>\n<meta name=\"twitter:card\" content=\"summary_large_image\" \/>\n<meta name=\"twitter:label1\" content=\"Estimated reading time\" \/>\n\t<meta name=\"twitter:data1\" content=\"2 minutes\" \/>\n<script type=\"application\/ld+json\" class=\"yoast-schema-graph\">{\"@context\":\"https:\/\/schema.org\",\"@graph\":[{\"@type\":\"WebPage\",\"@id\":\"https:\/\/candis-projekt.de\/en\/therapy-cannabis-use-disorders\/\",\"url\":\"https:\/\/candis-projekt.de\/en\/therapy-cannabis-use-disorders\/\",\"name\":\"CANDIS - I - CANDIS - english version\",\"isPartOf\":{\"@id\":\"https:\/\/candis-projekt.de\/en\/#website\"},\"datePublished\":\"2020-07-02T18:04:00+00:00\",\"dateModified\":\"2025-05-08T09:37:13+00:00\",\"breadcrumb\":{\"@id\":\"https:\/\/candis-projekt.de\/en\/therapy-cannabis-use-disorders\/#breadcrumb\"},\"inLanguage\":\"en-GB\",\"potentialAction\":[{\"@type\":\"ReadAction\",\"target\":[\"https:\/\/candis-projekt.de\/en\/therapy-cannabis-use-disorders\/\"]}]},{\"@type\":\"BreadcrumbList\",\"@id\":\"https:\/\/candis-projekt.de\/en\/therapy-cannabis-use-disorders\/#breadcrumb\",\"itemListElement\":[{\"@type\":\"ListItem\",\"position\":1,\"name\":\"Startseite\",\"item\":\"https:\/\/candis-projekt.de\/en\/\"},{\"@type\":\"ListItem\",\"position\":2,\"name\":\"CANDIS &#8211; I\"}]},{\"@type\":\"WebSite\",\"@id\":\"https:\/\/candis-projekt.de\/en\/#website\",\"url\":\"https:\/\/candis-projekt.de\/en\/\",\"name\":\"CANDIS - english version\",\"description\":\"Withdrawal therapy for cannabis addiction\",\"publisher\":{\"@id\":\"https:\/\/candis-projekt.de\/en\/#organization\"},\"potentialAction\":[{\"@type\":\"SearchAction\",\"target\":{\"@type\":\"EntryPoint\",\"urlTemplate\":\"https:\/\/candis-projekt.de\/en\/?s={search_term_string}\"},\"query-input\":{\"@type\":\"PropertyValueSpecification\",\"valueRequired\":true,\"valueName\":\"search_term_string\"}}],\"inLanguage\":\"en-GB\"},{\"@type\":\"Organization\",\"@id\":\"https:\/\/candis-projekt.de\/en\/#organization\",\"name\":\"CANDIS - english version\",\"url\":\"https:\/\/candis-projekt.de\/en\/\",\"logo\":{\"@type\":\"ImageObject\",\"inLanguage\":\"en-GB\",\"@id\":\"https:\/\/candis-projekt.de\/en\/#\/schema\/logo\/image\/\",\"url\":\"https:\/\/candis-projekt.de\/en\/wp-content\/uploads\/sites\/3\/2020\/07\/cannabis-withdrawal-therapy-candis.png\",\"contentUrl\":\"https:\/\/candis-projekt.de\/en\/wp-content\/uploads\/sites\/3\/2020\/07\/cannabis-withdrawal-therapy-candis.png\",\"width\":264,\"height\":174,\"caption\":\"CANDIS - english version\"},\"image\":{\"@id\":\"https:\/\/candis-projekt.de\/en\/#\/schema\/logo\/image\/\"}}]}<\/script>\n<!-- \/ Yoast SEO plugin. -->","yoast_head_json":{"title":"CANDIS - I - CANDIS - english version","robots":{"index":"index","follow":"follow","max-snippet":"max-snippet:-1","max-image-preview":"max-image-preview:large","max-video-preview":"max-video-preview:-1"},"canonical":"https:\/\/candis-projekt.de\/en\/therapy-cannabis-use-disorders\/","og_locale":"en_GB","og_type":"article","og_title":"CANDIS - I - CANDIS - english version","og_description":"Development and testing of a therapy for cannabis use disorders Funding: Federal Ministry for Education and Research (project no. 01EB0440) Contributors: PD Dr. Eva Hoch (head of project), Dr. Jana Henker, Dr. Heike Rohrbacher, Dr. Ren\u00e9 Noack, Dipl.-Psych. Anja Pixa, Dipl.-Stat. Dr. Michael H\u00f6fler, Prof. Dr. Gerhard B\u00fchringer, Prof. Dr. Hans-Ulrich WittchenDuration: 2004 \u2013 2007 [&hellip;]","og_url":"https:\/\/candis-projekt.de\/en\/therapy-cannabis-use-disorders\/","og_site_name":"CANDIS - english version","article_modified_time":"2025-05-08T09:37:13+00:00","twitter_card":"summary_large_image","twitter_misc":{"Estimated reading time":"2 minutes"},"schema":{"@context":"https:\/\/schema.org","@graph":[{"@type":"WebPage","@id":"https:\/\/candis-projekt.de\/en\/therapy-cannabis-use-disorders\/","url":"https:\/\/candis-projekt.de\/en\/therapy-cannabis-use-disorders\/","name":"CANDIS - I - CANDIS - english version","isPartOf":{"@id":"https:\/\/candis-projekt.de\/en\/#website"},"datePublished":"2020-07-02T18:04:00+00:00","dateModified":"2025-05-08T09:37:13+00:00","breadcrumb":{"@id":"https:\/\/candis-projekt.de\/en\/therapy-cannabis-use-disorders\/#breadcrumb"},"inLanguage":"en-GB","potentialAction":[{"@type":"ReadAction","target":["https:\/\/candis-projekt.de\/en\/therapy-cannabis-use-disorders\/"]}]},{"@type":"BreadcrumbList","@id":"https:\/\/candis-projekt.de\/en\/therapy-cannabis-use-disorders\/#breadcrumb","itemListElement":[{"@type":"ListItem","position":1,"name":"Startseite","item":"https:\/\/candis-projekt.de\/en\/"},{"@type":"ListItem","position":2,"name":"CANDIS &#8211; I"}]},{"@type":"WebSite","@id":"https:\/\/candis-projekt.de\/en\/#website","url":"https:\/\/candis-projekt.de\/en\/","name":"CANDIS - english version","description":"Withdrawal therapy for cannabis addiction","publisher":{"@id":"https:\/\/candis-projekt.de\/en\/#organization"},"potentialAction":[{"@type":"SearchAction","target":{"@type":"EntryPoint","urlTemplate":"https:\/\/candis-projekt.de\/en\/?s={search_term_string}"},"query-input":{"@type":"PropertyValueSpecification","valueRequired":true,"valueName":"search_term_string"}}],"inLanguage":"en-GB"},{"@type":"Organization","@id":"https:\/\/candis-projekt.de\/en\/#organization","name":"CANDIS - english version","url":"https:\/\/candis-projekt.de\/en\/","logo":{"@type":"ImageObject","inLanguage":"en-GB","@id":"https:\/\/candis-projekt.de\/en\/#\/schema\/logo\/image\/","url":"https:\/\/candis-projekt.de\/en\/wp-content\/uploads\/sites\/3\/2020\/07\/cannabis-withdrawal-therapy-candis.png","contentUrl":"https:\/\/candis-projekt.de\/en\/wp-content\/uploads\/sites\/3\/2020\/07\/cannabis-withdrawal-therapy-candis.png","width":264,"height":174,"caption":"CANDIS - english version"},"image":{"@id":"https:\/\/candis-projekt.de\/en\/#\/schema\/logo\/image\/"}}]}},"uagb_featured_image_src":{"full":false,"thumbnail":false,"medium":false,"medium_large":false,"large":false,"1536x1536":false,"2048x2048":false},"uagb_author_info":{"display_name":"candis","author_link":"https:\/\/candis-projekt.de\/en\/author\/munter19answerk\/"},"uagb_comment_info":0,"uagb_excerpt":"Development and testing of a therapy for cannabis use disorders Funding: Federal Ministry for Education and Research (project no. 01EB0440) Contributors: PD Dr. Eva Hoch (head of project), Dr. Jana Henker, Dr. Heike Rohrbacher, Dr. Ren\u00e9 Noack, Dipl.-Psych. Anja Pixa, Dipl.-Stat. Dr. Michael H\u00f6fler, Prof. Dr. Gerhard B\u00fchringer, Prof. Dr. Hans-Ulrich WittchenDuration: 2004 \u2013 2007&hellip;","_links":{"self":[{"href":"https:\/\/candis-projekt.de\/en\/wp-json\/wp\/v2\/pages\/6","targetHints":{"allow":["GET"]}}],"collection":[{"href":"https:\/\/candis-projekt.de\/en\/wp-json\/wp\/v2\/pages"}],"about":[{"href":"https:\/\/candis-projekt.de\/en\/wp-json\/wp\/v2\/types\/page"}],"author":[{"embeddable":true,"href":"https:\/\/candis-projekt.de\/en\/wp-json\/wp\/v2\/users\/1"}],"replies":[{"embeddable":true,"href":"https:\/\/candis-projekt.de\/en\/wp-json\/wp\/v2\/comments?post=6"}],"version-history":[{"count":5,"href":"https:\/\/candis-projekt.de\/en\/wp-json\/wp\/v2\/pages\/6\/revisions"}],"predecessor-version":[{"id":1633,"href":"https:\/\/candis-projekt.de\/en\/wp-json\/wp\/v2\/pages\/6\/revisions\/1633"}],"wp:attachment":[{"href":"https:\/\/candis-projekt.de\/en\/wp-json\/wp\/v2\/media?parent=6"}],"curies":[{"name":"wp","href":"https:\/\/api.w.org\/{rel}","templated":true}]}}