{"id":31,"date":"2020-07-02T00:11:40","date_gmt":"2020-07-01T22:11:40","guid":{"rendered":"https:\/\/candis-projekt.de\/en\/?page_id=31"},"modified":"2025-05-08T11:38:51","modified_gmt":"2025-05-08T09:38:51","slug":"candis-manual","status":"publish","type":"page","link":"https:\/\/candis-projekt.de\/en\/candis-manual\/","title":{"rendered":"CANDIS-Manual"},"content":{"rendered":"\n<div style=\"height:1px\" aria-hidden=\"true\" class=\"wp-block-spacer uag-hide-mob\"><\/div>\n\n\n\n<p>All information and materials of the CANDIS programme are available at book trades. The&nbsp;treatment manual is also available in <a href=\"https:\/\/candis-projekt.de\/candis-manual\/\">German<\/a> and <a href=\"https:\/\/www.candisprogram.pl\">Polish<\/a> language. Translations into Spanish, Italian, Portuguese and Arabic are in preparation.<\/p>\n\n\n\n<div style=\"height:10px\" aria-hidden=\"true\" class=\"wp-block-spacer\"><\/div>\n\n\n\n<h2 class=\"wp-block-heading has-accent-1-color has-text-color has-link-color wp-elements-4a4ec31814573ce4560bf71600700481\"><span class=\"manual\">Modular Therapy of Cannabis Use Disorders<\/span><\/h2>\n\n\n\n<h3 class=\"wp-block-heading untertitel\">The CANDIS Programme<\/h3>\n\n\n\n<p>Authors: E. Hoch, P. Zimmermann, J. Henker, H. Rohrbacher, R. Noack, G. B\u00fchringer und H.-U. Wittchen<br>Series: Therapeutic praxis \u2013 2011,<br>150 pages., broadsheet.<br>39,95 Euro,<br><span class=\"nophonelink\">ISBN: 978-3-8017-2197-8<\/span><br>incl. CD-ROM<\/p>\n\n\n\n<p class=\"copy-link\"><a style=\"letter-spacing: .03em;\" href=\"https:\/\/www.amazon.de\/Modulare-Therapie-von-Cannabisst\u00f6rungen-CANDIS-Programm\/dp\/3801721973\/ref=sr_1_1?ie=UTF8&amp;s=books&amp;qid=1274946421&amp;sr=8-1\" target=\"_blank\" rel=\"noopener noreferrer\">Amazon<\/a> (in German)<\/p>\n\n\n\n<p class=\"copy-link\"><a style=\"letter-spacing: .03em;\" href=\"https:\/\/www.hazelden.org\/store\/item\/502140?CANDIS-Curriculum\" target=\"_blank\" rel=\"noopener noreferrer\">Hazelden<\/a> (in English)<\/p>\n\n\n\n<div style=\"height:10px\" aria-hidden=\"true\" class=\"wp-block-spacer\"><\/div>\n\n\n\n<h2 class=\"wp-block-heading has-accent-1-color has-text-color has-link-color wp-elements-6e7f28e534d894d786401bf0a2fda04b\"><span class=\"manual\">CANDIS Curriculum<\/span><\/h2>\n\n\n\n<h3 class=\"wp-block-heading untertitel\">Cannabis Treatment Programme for Adolescents and Adults<\/h3>\n\n\n\n<p>By E. Hoch<br><em>Scope &amp; Sequence<\/em><br><em>Sample of Facilitator Intro, Session 1, and Diary Tool<\/em><br>CANDIS was developed by Dr. Eva Hoch, an award-winning and internationally renowned expert in the treatment of cannabis use disorder, as evidence-based, abstinence-oriented cannabis treatment programme.<br>Using motivational enhancement therapy (MET), cognitive-behavioural therapy (CBT), and contingency management, this programme has proven successful with its three main objectives for clients: to realise problematic cannabis use, to participate in treatment, and to abstain from cannabis use by applying relapse prevention skills.<\/p>\n\n\n\n<p>The CANDIS programme begins with a client assessment and continues with ten sessions that focus on:<\/p>\n\n\n\n<ul style=\"padding-left:var(--wp--preset--spacing--30)\" class=\"wp-block-list\">\n<li>Physical and psychological effects of cannabis<\/li>\n\n\n\n<li>Internal and external triggers<\/li>\n\n\n\n<li>Strategies for change<\/li>\n\n\n\n<li>Co-occurring disorders<\/li>\n\n\n\n<li>Withdrawal and relapse management<\/li>\n\n\n\n<li>Cravings, problem solving, and refusal skills<\/li>\n<\/ul>\n\n\n\n<p>Ideal for use in a variety of settings, the programme is designed for 90-minute sessions, but can be modified for shorter time periods. A facilitator manual, a DVD including a video overview of cannabis, and a CD-ROM with reproducible client worksheets and fact sheets are all included in this effective, affordable tool for helping clients overcome their cannabis dependence.<\/p>\n\n\n\n<p>Dr. Eva Hoch is an award-winning clinical psychologist and psychotherapist with an international reputation in the field of substance use disorders with a special focus on cannabis. She was the head of the Cannabis Treatment Research Group and the outpatient cannabis treatment clinic at the Technical University of Dresden, Germany from 2005 to 2010. She is a university lecturer, an author or co-author of 30 scientific publications, and a member of various scientific research associations.<\/p>\n\n\n\n<p>Item: 3635<br><span class=\"nophonelink\">ISBN-13: 9781616496760<\/span><br>Publisher: Hazelden<br>Published Year: 2017<\/p>\n\n\n\n<p class=\"copy-link\"><a style=\"letter-spacing: .03em;\" href=\"https:\/\/www.amazon.de\/CANDIS-Curriculum-Marijuana-Treatment-Program\/dp\/1616496762\/ref=sr_1_2?__mk_de_DE=\u00c5M\u00c5\u017d\u00d5\u00d1&amp;keywords=CANDIS+curriculum&amp;qid=1574006194&amp;sr=8-2\" target=\"_blank\" rel=\"noopener noreferrer\">Amazon<\/a><\/p>\n","protected":false},"excerpt":{"rendered":"<p>All information and materials of the CANDIS programme are available at book trades. The&nbsp;treatment manual is also available in German and Polish language. Translations into Spanish, Italian, Portuguese and Arabic are in preparation. Modular Therapy of Cannabis Use Disorders The CANDIS Programme Authors: E. Hoch, P. Zimmermann, J. Henker, H. Rohrbacher, R. Noack, G. B\u00fchringer [&hellip;]<\/p>\n","protected":false},"author":1,"featured_media":0,"parent":0,"menu_order":0,"comment_status":"closed","ping_status":"closed","template":"","meta":{"_uag_custom_page_level_css":"","footnotes":""},"class_list":["post-31","page","type-page","status-publish","hentry"],"yoast_head":"<!-- This site is optimized with the Yoast SEO plugin v25.8 - https:\/\/yoast.com\/wordpress\/plugins\/seo\/ -->\n<title>CANDIS-Manual - CANDIS - english version<\/title>\n<meta name=\"robots\" content=\"index, follow, max-snippet:-1, max-image-preview:large, max-video-preview:-1\" \/>\n<link rel=\"canonical\" href=\"https:\/\/candis-projekt.de\/en\/candis-manual\/\" \/>\n<meta property=\"og:locale\" content=\"en_GB\" \/>\n<meta property=\"og:type\" content=\"article\" \/>\n<meta property=\"og:title\" content=\"CANDIS-Manual - CANDIS - english version\" \/>\n<meta property=\"og:description\" content=\"All information and materials of the CANDIS programme are available at book trades. The&nbsp;treatment manual is also available in German and Polish language. Translations into Spanish, Italian, Portuguese and Arabic are in preparation. Modular Therapy of Cannabis Use Disorders The CANDIS Programme Authors: E. Hoch, P. Zimmermann, J. Henker, H. Rohrbacher, R. Noack, G. B\u00fchringer [&hellip;]\" \/>\n<meta property=\"og:url\" content=\"https:\/\/candis-projekt.de\/en\/candis-manual\/\" \/>\n<meta property=\"og:site_name\" content=\"CANDIS - english version\" \/>\n<meta property=\"article:modified_time\" content=\"2025-05-08T09:38:51+00:00\" \/>\n<meta name=\"twitter:card\" content=\"summary_large_image\" \/>\n<meta name=\"twitter:label1\" content=\"Estimated reading time\" \/>\n\t<meta name=\"twitter:data1\" content=\"2 minutes\" \/>\n<script type=\"application\/ld+json\" class=\"yoast-schema-graph\">{\"@context\":\"https:\/\/schema.org\",\"@graph\":[{\"@type\":\"WebPage\",\"@id\":\"https:\/\/candis-projekt.de\/en\/candis-manual\/\",\"url\":\"https:\/\/candis-projekt.de\/en\/candis-manual\/\",\"name\":\"CANDIS-Manual - CANDIS - english version\",\"isPartOf\":{\"@id\":\"https:\/\/candis-projekt.de\/en\/#website\"},\"datePublished\":\"2020-07-01T22:11:40+00:00\",\"dateModified\":\"2025-05-08T09:38:51+00:00\",\"breadcrumb\":{\"@id\":\"https:\/\/candis-projekt.de\/en\/candis-manual\/#breadcrumb\"},\"inLanguage\":\"en-GB\",\"potentialAction\":[{\"@type\":\"ReadAction\",\"target\":[\"https:\/\/candis-projekt.de\/en\/candis-manual\/\"]}]},{\"@type\":\"BreadcrumbList\",\"@id\":\"https:\/\/candis-projekt.de\/en\/candis-manual\/#breadcrumb\",\"itemListElement\":[{\"@type\":\"ListItem\",\"position\":1,\"name\":\"Startseite\",\"item\":\"https:\/\/candis-projekt.de\/en\/\"},{\"@type\":\"ListItem\",\"position\":2,\"name\":\"CANDIS-Manual\"}]},{\"@type\":\"WebSite\",\"@id\":\"https:\/\/candis-projekt.de\/en\/#website\",\"url\":\"https:\/\/candis-projekt.de\/en\/\",\"name\":\"CANDIS - english version\",\"description\":\"Withdrawal therapy for cannabis addiction\",\"publisher\":{\"@id\":\"https:\/\/candis-projekt.de\/en\/#organization\"},\"potentialAction\":[{\"@type\":\"SearchAction\",\"target\":{\"@type\":\"EntryPoint\",\"urlTemplate\":\"https:\/\/candis-projekt.de\/en\/?s={search_term_string}\"},\"query-input\":{\"@type\":\"PropertyValueSpecification\",\"valueRequired\":true,\"valueName\":\"search_term_string\"}}],\"inLanguage\":\"en-GB\"},{\"@type\":\"Organization\",\"@id\":\"https:\/\/candis-projekt.de\/en\/#organization\",\"name\":\"CANDIS - english version\",\"url\":\"https:\/\/candis-projekt.de\/en\/\",\"logo\":{\"@type\":\"ImageObject\",\"inLanguage\":\"en-GB\",\"@id\":\"https:\/\/candis-projekt.de\/en\/#\/schema\/logo\/image\/\",\"url\":\"https:\/\/candis-projekt.de\/en\/wp-content\/uploads\/sites\/3\/2020\/07\/cannabis-withdrawal-therapy-candis.png\",\"contentUrl\":\"https:\/\/candis-projekt.de\/en\/wp-content\/uploads\/sites\/3\/2020\/07\/cannabis-withdrawal-therapy-candis.png\",\"width\":264,\"height\":174,\"caption\":\"CANDIS - english version\"},\"image\":{\"@id\":\"https:\/\/candis-projekt.de\/en\/#\/schema\/logo\/image\/\"}}]}<\/script>\n<!-- \/ Yoast SEO plugin. -->","yoast_head_json":{"title":"CANDIS-Manual - CANDIS - english version","robots":{"index":"index","follow":"follow","max-snippet":"max-snippet:-1","max-image-preview":"max-image-preview:large","max-video-preview":"max-video-preview:-1"},"canonical":"https:\/\/candis-projekt.de\/en\/candis-manual\/","og_locale":"en_GB","og_type":"article","og_title":"CANDIS-Manual - CANDIS - english version","og_description":"All information and materials of the CANDIS programme are available at book trades. The&nbsp;treatment manual is also available in German and Polish language. Translations into Spanish, Italian, Portuguese and Arabic are in preparation. Modular Therapy of Cannabis Use Disorders The CANDIS Programme Authors: E. Hoch, P. Zimmermann, J. Henker, H. Rohrbacher, R. Noack, G. B\u00fchringer [&hellip;]","og_url":"https:\/\/candis-projekt.de\/en\/candis-manual\/","og_site_name":"CANDIS - english version","article_modified_time":"2025-05-08T09:38:51+00:00","twitter_card":"summary_large_image","twitter_misc":{"Estimated reading time":"2 minutes"},"schema":{"@context":"https:\/\/schema.org","@graph":[{"@type":"WebPage","@id":"https:\/\/candis-projekt.de\/en\/candis-manual\/","url":"https:\/\/candis-projekt.de\/en\/candis-manual\/","name":"CANDIS-Manual - CANDIS - english version","isPartOf":{"@id":"https:\/\/candis-projekt.de\/en\/#website"},"datePublished":"2020-07-01T22:11:40+00:00","dateModified":"2025-05-08T09:38:51+00:00","breadcrumb":{"@id":"https:\/\/candis-projekt.de\/en\/candis-manual\/#breadcrumb"},"inLanguage":"en-GB","potentialAction":[{"@type":"ReadAction","target":["https:\/\/candis-projekt.de\/en\/candis-manual\/"]}]},{"@type":"BreadcrumbList","@id":"https:\/\/candis-projekt.de\/en\/candis-manual\/#breadcrumb","itemListElement":[{"@type":"ListItem","position":1,"name":"Startseite","item":"https:\/\/candis-projekt.de\/en\/"},{"@type":"ListItem","position":2,"name":"CANDIS-Manual"}]},{"@type":"WebSite","@id":"https:\/\/candis-projekt.de\/en\/#website","url":"https:\/\/candis-projekt.de\/en\/","name":"CANDIS - english version","description":"Withdrawal therapy for cannabis addiction","publisher":{"@id":"https:\/\/candis-projekt.de\/en\/#organization"},"potentialAction":[{"@type":"SearchAction","target":{"@type":"EntryPoint","urlTemplate":"https:\/\/candis-projekt.de\/en\/?s={search_term_string}"},"query-input":{"@type":"PropertyValueSpecification","valueRequired":true,"valueName":"search_term_string"}}],"inLanguage":"en-GB"},{"@type":"Organization","@id":"https:\/\/candis-projekt.de\/en\/#organization","name":"CANDIS - english version","url":"https:\/\/candis-projekt.de\/en\/","logo":{"@type":"ImageObject","inLanguage":"en-GB","@id":"https:\/\/candis-projekt.de\/en\/#\/schema\/logo\/image\/","url":"https:\/\/candis-projekt.de\/en\/wp-content\/uploads\/sites\/3\/2020\/07\/cannabis-withdrawal-therapy-candis.png","contentUrl":"https:\/\/candis-projekt.de\/en\/wp-content\/uploads\/sites\/3\/2020\/07\/cannabis-withdrawal-therapy-candis.png","width":264,"height":174,"caption":"CANDIS - english version"},"image":{"@id":"https:\/\/candis-projekt.de\/en\/#\/schema\/logo\/image\/"}}]}},"uagb_featured_image_src":{"full":false,"thumbnail":false,"medium":false,"medium_large":false,"large":false,"1536x1536":false,"2048x2048":false},"uagb_author_info":{"display_name":"candis","author_link":"https:\/\/candis-projekt.de\/en\/author\/munter19answerk\/"},"uagb_comment_info":0,"uagb_excerpt":"All information and materials of the CANDIS programme are available at book trades. The&nbsp;treatment manual is also available in German and Polish language. Translations into Spanish, Italian, Portuguese and Arabic are in preparation. Modular Therapy of Cannabis Use Disorders The CANDIS Programme Authors: E. Hoch, P. Zimmermann, J. Henker, H. Rohrbacher, R. Noack, G. B\u00fchringer&hellip;","_links":{"self":[{"href":"https:\/\/candis-projekt.de\/en\/wp-json\/wp\/v2\/pages\/31","targetHints":{"allow":["GET"]}}],"collection":[{"href":"https:\/\/candis-projekt.de\/en\/wp-json\/wp\/v2\/pages"}],"about":[{"href":"https:\/\/candis-projekt.de\/en\/wp-json\/wp\/v2\/types\/page"}],"author":[{"embeddable":true,"href":"https:\/\/candis-projekt.de\/en\/wp-json\/wp\/v2\/users\/1"}],"replies":[{"embeddable":true,"href":"https:\/\/candis-projekt.de\/en\/wp-json\/wp\/v2\/comments?post=31"}],"version-history":[{"count":5,"href":"https:\/\/candis-projekt.de\/en\/wp-json\/wp\/v2\/pages\/31\/revisions"}],"predecessor-version":[{"id":1636,"href":"https:\/\/candis-projekt.de\/en\/wp-json\/wp\/v2\/pages\/31\/revisions\/1636"}],"wp:attachment":[{"href":"https:\/\/candis-projekt.de\/en\/wp-json\/wp\/v2\/media?parent=31"}],"curies":[{"name":"wp","href":"https:\/\/api.w.org\/{rel}","templated":true}]}}