{"id":27,"date":"2020-07-02T19:34:25","date_gmt":"2020-07-02T17:34:25","guid":{"rendered":"https:\/\/candis-projekt.de\/en\/?page_id=27"},"modified":"2025-05-08T11:43:41","modified_gmt":"2025-05-08T09:43:41","slug":"research-group","status":"publish","type":"page","link":"https:\/\/candis-projekt.de\/en\/research-group\/","title":{"rendered":"Research Group"},"content":{"rendered":"\n<div style=\"height:1px\" aria-hidden=\"true\" class=\"wp-block-spacer uag-hide-mob\"><\/div>\n\n\n\n<h2 class=\"wp-block-heading has-accent-1-color has-text-color has-link-color wp-elements-6cff015145bda6ad9a5b4af97748d4d2\">Research Group \u201eCannabinoids: Research and Treatment\u201c<\/h2>\n\n\n\n<p>Head: PD Dr. Eva Hoch<\/p>\n\n\n\n<p>Clinic and Polyclinic for Psychiatry and Psychotherapy<br>University Hospital Munich Campus Inner City<br>Nu\u00dfbaumstr. 7, 80336 Munich<\/p>\n\n\n\n<p>Tel.: +49 (0)89 4400 55382<br>Fax: +49 (0)89 4400 53930<br>E-Mail: <a href=\"mailto:Eva.Hoch@med.uni-muenchen.de\">Eva.Hoch@med.uni-muenchen.de<\/a><br><a href=\"http:\/\/www.klinikum.uni-muenchen.de\/Klinik-und-Poliklinik-fuer-Psychiatrie-und-Psychotherapie\/de\/ueber_uns\/team\/hoch\/index.html\" target=\"_blank\" rel=\"noopener noreferrer\">http:\/\/www.klinikum.uni-muenchen.de<\/a><\/p>\n\n\n\n<div style=\"height:10px\" aria-hidden=\"true\" class=\"wp-block-spacer\"><\/div>\n\n\n\n<h3 class=\"wp-block-heading\">Collaborators at the LMU Munich (until 2019)<\/h3>\n\n\n\n<p>Dr. Sabine Apelt, BA Sophie Buchner; Dr. Chris Maria Friemel, MSc Duygu G\u00fcler, BA Johannes Kabisch, Dr. Ruppert von Keller, &nbsp;MSc Pia Lauffer, Dominik Niemann, Kathrin Schacherbauer, PD Dr. Miriam Schneider, Sophia Schmieder, &nbsp;BA Isabelle Wilmig, MSc Charlotte Wink, Prof. Dr. Oliver Pogarell, Prof. Dr. Alkomiet Hasan<\/p>\n\n\n\n<div style=\"height:10px\" aria-hidden=\"true\" class=\"wp-block-spacer\"><\/div>\n\n\n\n<h3 class=\"wp-block-heading\">Former collaborators at the TU Dresden<\/h3>\n\n\n\n<p>Dipl.-Psych. Katrin Dittmer,&nbsp;Dr. Jana Henker, Dipl.-Stat. Dr. Michael H\u00f6fler, Dr. Ren\u00e9 Noack,&nbsp;Dipl.-Psych. Anja Pixa, Dr. Heike Rohrbacher,&nbsp;Dipl.-Psych. Anne Seifert,&nbsp;Prof. em. Dr. Gerhard B\u00fchringer,&nbsp;Prof. em. Dr. Hans-Ulrich Wittchen<\/p>\n\n\n\n<div style=\"height:var(--wp--preset--spacing--50)\" aria-hidden=\"true\" class=\"wp-block-spacer\"><\/div>\n\n\n\n<h1 class=\"wp-block-heading entry-titel&quot;\">CANDIS Team<\/h1>\n\n\n\n<h2 class=\"wp-block-heading has-accent-1-color has-text-color has-link-color wp-elements-7e60ab36924146472a77fe6049029bbe\">CANDIS I Research Group (2004\u20142007)<\/h2>\n\n\n\n<p><img loading=\"lazy\" decoding=\"async\" class=\"alignnone wp-image-582 size-large\" title=\"CANDIS-1-Entwoehnungs-Therapie-Forschungsgruppe\" src=\"https:\/\/candis-projekt.de\/wp-content\/uploads\/2019\/08\/candis-1-forschungsgruppe.jpeg\" alt=\"CANDIS-1-Entwoehnungs-Therapie-Forschungsgruppe\" width=\"730\" height=\"629\"><br><span class=\"vorn-hinten\"><strong>Back: <\/strong><\/span><span class=\"gruppe\">Dipl.\u2011Psych.&nbsp;Ren\u00e9&nbsp;Noack <span class=\"dash\">\/<\/span><\/span><span class=\"gruppe\"> Dipl.\u2011Psych.&nbsp;Heike&nbsp;Rohrbacher <span class=\"dash\">\/<\/span><\/span><span class=\"gruppe\"> Dipl.\u2011Psych.&nbsp;Martin&nbsp;Rammrath <span class=\"dash\">\/<\/span><\/span><span class=\"gruppe\"> Dipl.\u2011Psych.&nbsp;Jana&nbsp;Henker <span class=\"dash\">\/<\/span><\/span><span class=\"gruppe\"> Dipl.\u2011Psych.&nbsp;Axel&nbsp;Bayer <span class=\"dash\">\/<\/span><\/span><span class=\"gruppe\"> Dipl.\u2011Psych.&nbsp;Bettina&nbsp;Weigel <span class=\"dash\">\/<\/span><\/span><span class=\"gruppe\"> Michael&nbsp;H\u00f6fler &nbsp;<\/span>\u00ad<span class=\"vorn-hinten\"><strong>Front: <\/strong><\/span><span class=\"gruppe\"> Dipl.\u2011Psych.&nbsp;Yvonne&nbsp;Kurzbuch <span class=\"dash\">\/<\/span><\/span><span class=\"gruppe\"> Dipl.\u2011Psych.&nbsp;Eleni&nbsp;Tzinzira <span class=\"dash\">\/<\/span><\/span><span class=\"gruppe\"> Dipl.\u2011Psych.&nbsp;Anja&nbsp;Pixa <span class=\"dash\">\/<\/span><\/span><span class=\"gruppe\"> Dr.&nbsp;Eva&nbsp;Hoch<\/span><\/p>\n\n\n\n<div style=\"height:10px\" aria-hidden=\"true\" class=\"wp-block-spacer\"><\/div>\n\n\n\n<h2 class=\"wp-block-heading has-accent-1-color has-text-color has-link-color wp-elements-88f561be106c1cf7cdd2afea8b47a406\">CANDIS II Research Group (2007\u20142009)<\/h2>\n\n\n\n<p><img loading=\"lazy\" decoding=\"async\" class=\"alignnone wp-image-595 size-large\" title=\"CANDIS-2-Entwoehnungs-Therapie-Forschungsgruppe\" src=\"https:\/\/candis-projekt.de\/wp-content\/uploads\/2019\/08\/candis-2-forschungsgruppe.jpg\" alt=\"CANDIS-2-Entwoehnungs-Therapie-Forschungsgruppe\" width=\"730\" height=\"456\">\u00ad<br><span class=\"vorn-hinten\"><strong>Back: <\/strong><\/span><span class=\"gruppe\">Cand.\u2011Psych.&nbsp;Marco&nbsp;Holzmann <span class=\"dash\">\/<\/span><\/span><span class=\"gruppe\"> Dipl.\u2011Psych.&nbsp;Katrin&nbsp;Dittmer <span class=\"dash\">\/<\/span><\/span><span class=\"gruppe\"> Dipl.\u2011Psych.&nbsp;Anne&nbsp;R\u00fchlmann &nbsp;<\/span>\u00ad<span class=\"vorn-hinten\"><strong>Front: <\/strong><\/span><span class=\"gruppe\"> Cand.\u2011Psych.&nbsp;Teresa&nbsp;Krebs <span class=\"dash\">\/<\/span><\/span><span class=\"gruppe\"> Cand.\u2011Psych.&nbsp;Annett&nbsp;Poppitz <span class=\"dash\">\/<\/span><\/span><span class=\"gruppe\"> Dr.&nbsp;Eva&nbsp;Hoch <span class=\"dash\">\/<\/span><\/span><span class=\"gruppe\"> Dipl.\u2011Psych.&nbsp;Anja&nbsp;Pixa <\/span><\/p>\n","protected":false},"excerpt":{"rendered":"<p>Research Group \u201eCannabinoids: Research and Treatment\u201c Head: PD Dr. Eva Hoch Clinic and Polyclinic for Psychiatry and PsychotherapyUniversity Hospital Munich Campus Inner CityNu\u00dfbaumstr. 7, 80336 Munich Tel.: +49 (0)89 4400 55382Fax: +49 (0)89 4400 53930E-Mail: Eva.Hoch@med.uni-muenchen.dehttp:\/\/www.klinikum.uni-muenchen.de Collaborators at the LMU Munich (until 2019) Dr. Sabine Apelt, BA Sophie Buchner; Dr. Chris Maria Friemel, MSc Duygu [&hellip;]<\/p>\n","protected":false},"author":1,"featured_media":0,"parent":0,"menu_order":0,"comment_status":"closed","ping_status":"closed","template":"","meta":{"_uag_custom_page_level_css":"","footnotes":""},"class_list":["post-27","page","type-page","status-publish","hentry"],"yoast_head":"<!-- This site is optimized with the Yoast SEO plugin v25.8 - https:\/\/yoast.com\/wordpress\/plugins\/seo\/ -->\n<title>Research Group - CANDIS - english version<\/title>\n<meta name=\"robots\" content=\"index, follow, max-snippet:-1, max-image-preview:large, max-video-preview:-1\" \/>\n<link rel=\"canonical\" href=\"https:\/\/candis-projekt.de\/en\/research-group\/\" \/>\n<meta property=\"og:locale\" content=\"en_GB\" \/>\n<meta property=\"og:type\" content=\"article\" \/>\n<meta property=\"og:title\" content=\"Research Group - CANDIS - english version\" \/>\n<meta property=\"og:description\" content=\"Research Group \u201eCannabinoids: Research and Treatment\u201c Head: PD Dr. Eva Hoch Clinic and Polyclinic for Psychiatry and PsychotherapyUniversity Hospital Munich Campus Inner CityNu\u00dfbaumstr. 7, 80336 Munich Tel.: +49 (0)89 4400 55382Fax: +49 (0)89 4400 53930E-Mail: Eva.Hoch@med.uni-muenchen.dehttp:\/\/www.klinikum.uni-muenchen.de Collaborators at the LMU Munich (until 2019) Dr. Sabine Apelt, BA Sophie Buchner; Dr. Chris Maria Friemel, MSc Duygu [&hellip;]\" \/>\n<meta property=\"og:url\" content=\"https:\/\/candis-projekt.de\/en\/research-group\/\" \/>\n<meta property=\"og:site_name\" content=\"CANDIS - english version\" \/>\n<meta property=\"article:modified_time\" content=\"2025-05-08T09:43:41+00:00\" \/>\n<meta name=\"twitter:card\" content=\"summary_large_image\" \/>\n<meta name=\"twitter:label1\" content=\"Estimated reading time\" \/>\n\t<meta name=\"twitter:data1\" content=\"2 minutes\" \/>\n<script type=\"application\/ld+json\" class=\"yoast-schema-graph\">{\"@context\":\"https:\/\/schema.org\",\"@graph\":[{\"@type\":\"WebPage\",\"@id\":\"https:\/\/candis-projekt.de\/en\/research-group\/\",\"url\":\"https:\/\/candis-projekt.de\/en\/research-group\/\",\"name\":\"Research Group - CANDIS - english version\",\"isPartOf\":{\"@id\":\"https:\/\/candis-projekt.de\/en\/#website\"},\"primaryImageOfPage\":{\"@id\":\"https:\/\/candis-projekt.de\/en\/research-group\/#primaryimage\"},\"image\":{\"@id\":\"https:\/\/candis-projekt.de\/en\/research-group\/#primaryimage\"},\"thumbnailUrl\":\"https:\/\/candis-projekt.de\/wp-content\/uploads\/2019\/08\/candis-1-forschungsgruppe.jpeg\",\"datePublished\":\"2020-07-02T17:34:25+00:00\",\"dateModified\":\"2025-05-08T09:43:41+00:00\",\"breadcrumb\":{\"@id\":\"https:\/\/candis-projekt.de\/en\/research-group\/#breadcrumb\"},\"inLanguage\":\"en-GB\",\"potentialAction\":[{\"@type\":\"ReadAction\",\"target\":[\"https:\/\/candis-projekt.de\/en\/research-group\/\"]}]},{\"@type\":\"ImageObject\",\"inLanguage\":\"en-GB\",\"@id\":\"https:\/\/candis-projekt.de\/en\/research-group\/#primaryimage\",\"url\":\"https:\/\/candis-projekt.de\/wp-content\/uploads\/2019\/08\/candis-1-forschungsgruppe.jpeg\",\"contentUrl\":\"https:\/\/candis-projekt.de\/wp-content\/uploads\/2019\/08\/candis-1-forschungsgruppe.jpeg\"},{\"@type\":\"BreadcrumbList\",\"@id\":\"https:\/\/candis-projekt.de\/en\/research-group\/#breadcrumb\",\"itemListElement\":[{\"@type\":\"ListItem\",\"position\":1,\"name\":\"Startseite\",\"item\":\"https:\/\/candis-projekt.de\/en\/\"},{\"@type\":\"ListItem\",\"position\":2,\"name\":\"Research Group\"}]},{\"@type\":\"WebSite\",\"@id\":\"https:\/\/candis-projekt.de\/en\/#website\",\"url\":\"https:\/\/candis-projekt.de\/en\/\",\"name\":\"CANDIS - english version\",\"description\":\"Withdrawal therapy for cannabis addiction\",\"publisher\":{\"@id\":\"https:\/\/candis-projekt.de\/en\/#organization\"},\"potentialAction\":[{\"@type\":\"SearchAction\",\"target\":{\"@type\":\"EntryPoint\",\"urlTemplate\":\"https:\/\/candis-projekt.de\/en\/?s={search_term_string}\"},\"query-input\":{\"@type\":\"PropertyValueSpecification\",\"valueRequired\":true,\"valueName\":\"search_term_string\"}}],\"inLanguage\":\"en-GB\"},{\"@type\":\"Organization\",\"@id\":\"https:\/\/candis-projekt.de\/en\/#organization\",\"name\":\"CANDIS - english version\",\"url\":\"https:\/\/candis-projekt.de\/en\/\",\"logo\":{\"@type\":\"ImageObject\",\"inLanguage\":\"en-GB\",\"@id\":\"https:\/\/candis-projekt.de\/en\/#\/schema\/logo\/image\/\",\"url\":\"https:\/\/candis-projekt.de\/en\/wp-content\/uploads\/sites\/3\/2020\/07\/cannabis-withdrawal-therapy-candis.png\",\"contentUrl\":\"https:\/\/candis-projekt.de\/en\/wp-content\/uploads\/sites\/3\/2020\/07\/cannabis-withdrawal-therapy-candis.png\",\"width\":264,\"height\":174,\"caption\":\"CANDIS - english version\"},\"image\":{\"@id\":\"https:\/\/candis-projekt.de\/en\/#\/schema\/logo\/image\/\"}}]}<\/script>\n<!-- \/ Yoast SEO plugin. -->","yoast_head_json":{"title":"Research Group - CANDIS - english version","robots":{"index":"index","follow":"follow","max-snippet":"max-snippet:-1","max-image-preview":"max-image-preview:large","max-video-preview":"max-video-preview:-1"},"canonical":"https:\/\/candis-projekt.de\/en\/research-group\/","og_locale":"en_GB","og_type":"article","og_title":"Research Group - CANDIS - english version","og_description":"Research Group \u201eCannabinoids: Research and Treatment\u201c Head: PD Dr. Eva Hoch Clinic and Polyclinic for Psychiatry and PsychotherapyUniversity Hospital Munich Campus Inner CityNu\u00dfbaumstr. 7, 80336 Munich Tel.: +49 (0)89 4400 55382Fax: +49 (0)89 4400 53930E-Mail: Eva.Hoch@med.uni-muenchen.dehttp:\/\/www.klinikum.uni-muenchen.de Collaborators at the LMU Munich (until 2019) Dr. Sabine Apelt, BA Sophie Buchner; Dr. Chris Maria Friemel, MSc Duygu [&hellip;]","og_url":"https:\/\/candis-projekt.de\/en\/research-group\/","og_site_name":"CANDIS - english version","article_modified_time":"2025-05-08T09:43:41+00:00","twitter_card":"summary_large_image","twitter_misc":{"Estimated reading time":"2 minutes"},"schema":{"@context":"https:\/\/schema.org","@graph":[{"@type":"WebPage","@id":"https:\/\/candis-projekt.de\/en\/research-group\/","url":"https:\/\/candis-projekt.de\/en\/research-group\/","name":"Research Group - CANDIS - english version","isPartOf":{"@id":"https:\/\/candis-projekt.de\/en\/#website"},"primaryImageOfPage":{"@id":"https:\/\/candis-projekt.de\/en\/research-group\/#primaryimage"},"image":{"@id":"https:\/\/candis-projekt.de\/en\/research-group\/#primaryimage"},"thumbnailUrl":"https:\/\/candis-projekt.de\/wp-content\/uploads\/2019\/08\/candis-1-forschungsgruppe.jpeg","datePublished":"2020-07-02T17:34:25+00:00","dateModified":"2025-05-08T09:43:41+00:00","breadcrumb":{"@id":"https:\/\/candis-projekt.de\/en\/research-group\/#breadcrumb"},"inLanguage":"en-GB","potentialAction":[{"@type":"ReadAction","target":["https:\/\/candis-projekt.de\/en\/research-group\/"]}]},{"@type":"ImageObject","inLanguage":"en-GB","@id":"https:\/\/candis-projekt.de\/en\/research-group\/#primaryimage","url":"https:\/\/candis-projekt.de\/wp-content\/uploads\/2019\/08\/candis-1-forschungsgruppe.jpeg","contentUrl":"https:\/\/candis-projekt.de\/wp-content\/uploads\/2019\/08\/candis-1-forschungsgruppe.jpeg"},{"@type":"BreadcrumbList","@id":"https:\/\/candis-projekt.de\/en\/research-group\/#breadcrumb","itemListElement":[{"@type":"ListItem","position":1,"name":"Startseite","item":"https:\/\/candis-projekt.de\/en\/"},{"@type":"ListItem","position":2,"name":"Research Group"}]},{"@type":"WebSite","@id":"https:\/\/candis-projekt.de\/en\/#website","url":"https:\/\/candis-projekt.de\/en\/","name":"CANDIS - english version","description":"Withdrawal therapy for cannabis addiction","publisher":{"@id":"https:\/\/candis-projekt.de\/en\/#organization"},"potentialAction":[{"@type":"SearchAction","target":{"@type":"EntryPoint","urlTemplate":"https:\/\/candis-projekt.de\/en\/?s={search_term_string}"},"query-input":{"@type":"PropertyValueSpecification","valueRequired":true,"valueName":"search_term_string"}}],"inLanguage":"en-GB"},{"@type":"Organization","@id":"https:\/\/candis-projekt.de\/en\/#organization","name":"CANDIS - english version","url":"https:\/\/candis-projekt.de\/en\/","logo":{"@type":"ImageObject","inLanguage":"en-GB","@id":"https:\/\/candis-projekt.de\/en\/#\/schema\/logo\/image\/","url":"https:\/\/candis-projekt.de\/en\/wp-content\/uploads\/sites\/3\/2020\/07\/cannabis-withdrawal-therapy-candis.png","contentUrl":"https:\/\/candis-projekt.de\/en\/wp-content\/uploads\/sites\/3\/2020\/07\/cannabis-withdrawal-therapy-candis.png","width":264,"height":174,"caption":"CANDIS - english version"},"image":{"@id":"https:\/\/candis-projekt.de\/en\/#\/schema\/logo\/image\/"}}]}},"uagb_featured_image_src":{"full":false,"thumbnail":false,"medium":false,"medium_large":false,"large":false,"1536x1536":false,"2048x2048":false},"uagb_author_info":{"display_name":"candis","author_link":"https:\/\/candis-projekt.de\/en\/author\/munter19answerk\/"},"uagb_comment_info":0,"uagb_excerpt":"Research Group \u201eCannabinoids: Research and Treatment\u201c Head: PD Dr. Eva Hoch Clinic and Polyclinic for Psychiatry and PsychotherapyUniversity Hospital Munich Campus Inner CityNu\u00dfbaumstr. 7, 80336 Munich Tel.: +49 (0)89 4400 55382Fax: +49 (0)89 4400 53930E-Mail: Eva.Hoch@med.uni-muenchen.dehttp:\/\/www.klinikum.uni-muenchen.de Collaborators at the LMU Munich (until 2019) Dr. Sabine Apelt, BA Sophie Buchner; Dr. Chris Maria Friemel, MSc Duygu&hellip;","_links":{"self":[{"href":"https:\/\/candis-projekt.de\/en\/wp-json\/wp\/v2\/pages\/27","targetHints":{"allow":["GET"]}}],"collection":[{"href":"https:\/\/candis-projekt.de\/en\/wp-json\/wp\/v2\/pages"}],"about":[{"href":"https:\/\/candis-projekt.de\/en\/wp-json\/wp\/v2\/types\/page"}],"author":[{"embeddable":true,"href":"https:\/\/candis-projekt.de\/en\/wp-json\/wp\/v2\/users\/1"}],"replies":[{"embeddable":true,"href":"https:\/\/candis-projekt.de\/en\/wp-json\/wp\/v2\/comments?post=27"}],"version-history":[{"count":5,"href":"https:\/\/candis-projekt.de\/en\/wp-json\/wp\/v2\/pages\/27\/revisions"}],"predecessor-version":[{"id":1647,"href":"https:\/\/candis-projekt.de\/en\/wp-json\/wp\/v2\/pages\/27\/revisions\/1647"}],"wp:attachment":[{"href":"https:\/\/candis-projekt.de\/en\/wp-json\/wp\/v2\/media?parent=27"}],"curies":[{"name":"wp","href":"https:\/\/api.w.org\/{rel}","templated":true}]}}