{"id":21,"date":"2020-07-02T12:18:21","date_gmt":"2020-07-02T10:18:21","guid":{"rendered":"https:\/\/candis-projekt.de\/en\/?page_id=21"},"modified":"2025-05-08T11:43:03","modified_gmt":"2025-05-08T09:43:03","slug":"literature","status":"publish","type":"page","link":"https:\/\/candis-projekt.de\/en\/literature\/","title":{"rendered":"Literature"},"content":{"rendered":"\n<div style=\"height:10px\" aria-hidden=\"true\" class=\"wp-block-spacer uag-hide-mob\"><\/div>\n\n\n\n<p class=\"copy-link\">Hoch, E., Friemel, C.-M, Schneider, M. (Hrsg) (2019). Cannabis: Potenzial und Risiko. Eine&nbsp;wissenschaftliche Bestandsaufnahme. Heidelberg: Springer Nature <a href=\"https:\/\/www.springer.com\/de\/book\/9783662572900\" target=\"_blank\" rel=\"noopener noreferrer\">https:\/\/www.springer.com\/de\/book\/9783662572900<\/a><\/p>\n\n\n\n<p class=\"copy-link\">Hoch, E., Preuss, U.-W. (2019). Cannabis, Cannabinoide und Cannabiskonsumst\u00f6rungen. PSYCH&nbsp;up2date; 13(05): 395-409. <a href=\"https:\/\/www.thieme-connect.com\/products\/ejournals\/html\/10.1055\/a-0847-9296\" target=\"_blank\" rel=\"noopener noreferrer\">https:\/\/www.thieme-connect.com\/products\/ejournals\/html\/10.1055\/a-0847-9296<\/a><\/p>\n\n\n\n<p class=\"copy-link\">Neumann, M., B\u00fchringer, G., H\u00f6fler, M., Wittchen, H.-U., Hoch, E. (2018).&nbsp;Is cannabis use treatment also indicated for patients with low to moderate polysubstance use. Eur Addict Res. 24(2):79-87. <a href=\"https:\/\/www.ncbi.nlm.nih.gov\/pubmed\/29902799\" target=\"_blank\" rel=\"noopener noreferrer\">https:\/\/www.ncbi.nlm.nih.gov\/pubmed\/29902799<\/a><\/p>\n\n\n\n<p class=\"copy-link\">Hoch, E. et al. (2017). CANDIS Curriculum.&nbsp;A Marijuana Treatment Program for Youth and Adults. Hazelden Publishing. <a href=\"https:\/\/www.hazelden.org\/store\/item\/502140\" target=\"_blank\" rel=\"noopener noreferrer\">https:\/\/www.hazelden.org\/store\/item\/502140<\/a><\/p>\n\n\n\n<p class=\"copy-link\">Hoch, E., B\u00fchringer, G., Pixa, A., Dittmer, K., Henker, J., Seifert, A., Wittchen, H.-U. (2014). CANDIS treatment program for cannabis use disorders: findings from a randomized multi-site translational trial. Drug Alcohol Depend. 134:185-193. <a href=\"https:\/\/www.ncbi.nlm.nih.gov\/pubmed\/24176199\" target=\"_blank\" rel=\"noopener noreferrer\">https:\/\/www.ncbi.nlm.nih.gov\/pubmed\/24176199<\/a><\/p>\n\n\n\n<p class=\"copy-link\">Hoch, E., Noack, R., Henker, J., Pixa, A., H\u00f6fler, M., Behrendt, S., B\u00fchringer, G. &amp; Wittchen, H.-U., (2012). Efficacy of a targeted cognitive-behavioral treatment program for cannabis use disorders (CANDIS). Eur Neupsychopharmacol, 22, 267-80. <a href=\"https:\/\/www.ncbi.nlm.nih.gov\/pubmed\/21865014\" target=\"_blank\" rel=\"noopener noreferrer\">https:\/\/www.ncbi.nlm.nih.gov\/pubmed\/21865014<\/a><\/p>\n\n\n\n<p class=\"copy-link\">Hoch, E., Zimmermann, P., Henker, J., Rohrbacher, H., Noack, R., B\u00fchringer, G. &amp; Wittchen, H.-U. (2011). Modulare Therapie von Cannabisst\u00f6rungen. Das CANDIS-Programm (Therapeutische Praxis). G\u00f6ttingen: Hogrefe. <a href=\"https:\/\/www.hogrefe.de\/shop\/modulare-therapie-von-cannabisstoerungen-66008.html\" target=\"_blank\" rel=\"noopener noreferrer\">https:\/\/www.hogrefe.de\/shop\/modulare-therapie-von-cannabisstoerungen-66008.html<\/a><\/p>\n\n\n\n<p class=\"copy-link\">Hoch, E., B\u00fchringer, G., Henker, J., Rohrbacher, H., Noack, R., Dittmer, K., Pixa, A., R\u00fchlmann, A. &amp; Wittchen, H.-U. (2011). Untersuchungskonzept f\u00fcr die CANDIS1-Studie zur Behandlung von cannabisbezogenen St\u00f6rungen: Ein Beispiel transnationaler Forschung. Sucht, 57 (3), 183-192.<\/p>\n\n\n\n<p class=\"copy-link\">Hoch, E., Noack, R., Rohrbacher, H., Pixa, A., Henker, J., Dittmer, K., B\u00fchringer, G. &amp; Wittchen, H.-U. (2007). Gezielte Behandlung von Cannabisst\u00f6rungen \u2013 Das modulare, kognitiv-behaviorale Entw\u00f6hnungsprogramm \u201eCANDIS\u201c. Sucht-Aktuell, 57-59.<\/p>\n\n\n\n<p class=\"copy-link\">Hoch, E., Noack, R., Pixa, A., Rohrbacher, H., Henker, J., B\u00fchringer, G. &amp; Wittchen, H.-U. (2007). Behandlung von Cannabisst\u00f6rungen \u2013 Eine Aufgabe f\u00fcr Psychotherapeuten in Deutschland. Psychotherapeutenjournal, 4 (7), 262 \u2013 267<\/p>\n\n\n\n<p class=\"copy-link\">Zimmermann, P., M\u00fchlig, S. Sonntag, D., B\u00fchringer, G. &amp; Wittchen, H.-U. (2004). Review on psychotherapeutic interventions for cannabis disorders. Sucht, 50, 334-342<\/p>\n","protected":false},"excerpt":{"rendered":"<p>Hoch, E., Friemel, C.-M, Schneider, M. (Hrsg) (2019). Cannabis: Potenzial und Risiko. Eine&nbsp;wissenschaftliche Bestandsaufnahme. Heidelberg: Springer Nature https:\/\/www.springer.com\/de\/book\/9783662572900 Hoch, E., Preuss, U.-W. (2019). Cannabis, Cannabinoide und Cannabiskonsumst\u00f6rungen. PSYCH&nbsp;up2date; 13(05): 395-409. https:\/\/www.thieme-connect.com\/products\/ejournals\/html\/10.1055\/a-0847-9296 Neumann, M., B\u00fchringer, G., H\u00f6fler, M., Wittchen, H.-U., Hoch, E. (2018).&nbsp;Is cannabis use treatment also indicated for patients with low to moderate polysubstance use. [&hellip;]<\/p>\n","protected":false},"author":1,"featured_media":0,"parent":0,"menu_order":0,"comment_status":"closed","ping_status":"closed","template":"","meta":{"_uag_custom_page_level_css":"","footnotes":""},"class_list":["post-21","page","type-page","status-publish","hentry"],"yoast_head":"<!-- This site is optimized with the Yoast SEO plugin v25.8 - https:\/\/yoast.com\/wordpress\/plugins\/seo\/ -->\n<title>Literature - CANDIS - english version<\/title>\n<meta name=\"robots\" content=\"index, follow, max-snippet:-1, max-image-preview:large, max-video-preview:-1\" \/>\n<link rel=\"canonical\" href=\"https:\/\/candis-projekt.de\/en\/literature\/\" \/>\n<meta property=\"og:locale\" content=\"en_GB\" \/>\n<meta property=\"og:type\" content=\"article\" \/>\n<meta property=\"og:title\" content=\"Literature - CANDIS - english version\" \/>\n<meta property=\"og:description\" content=\"Hoch, E., Friemel, C.-M, Schneider, M. (Hrsg) (2019). Cannabis: Potenzial und Risiko. Eine&nbsp;wissenschaftliche Bestandsaufnahme. Heidelberg: Springer Nature https:\/\/www.springer.com\/de\/book\/9783662572900 Hoch, E., Preuss, U.-W. (2019). Cannabis, Cannabinoide und Cannabiskonsumst\u00f6rungen. PSYCH&nbsp;up2date; 13(05): 395-409. https:\/\/www.thieme-connect.com\/products\/ejournals\/html\/10.1055\/a-0847-9296 Neumann, M., B\u00fchringer, G., H\u00f6fler, M., Wittchen, H.-U., Hoch, E. (2018).&nbsp;Is cannabis use treatment also indicated for patients with low to moderate polysubstance use. [&hellip;]\" \/>\n<meta property=\"og:url\" content=\"https:\/\/candis-projekt.de\/en\/literature\/\" \/>\n<meta property=\"og:site_name\" content=\"CANDIS - english version\" \/>\n<meta property=\"article:modified_time\" content=\"2025-05-08T09:43:03+00:00\" \/>\n<meta name=\"twitter:card\" content=\"summary_large_image\" \/>\n<meta name=\"twitter:label1\" content=\"Estimated reading time\" \/>\n\t<meta name=\"twitter:data1\" content=\"2 minutes\" \/>\n<script type=\"application\/ld+json\" class=\"yoast-schema-graph\">{\"@context\":\"https:\/\/schema.org\",\"@graph\":[{\"@type\":\"WebPage\",\"@id\":\"https:\/\/candis-projekt.de\/en\/literature\/\",\"url\":\"https:\/\/candis-projekt.de\/en\/literature\/\",\"name\":\"Literature - CANDIS - english version\",\"isPartOf\":{\"@id\":\"https:\/\/candis-projekt.de\/en\/#website\"},\"datePublished\":\"2020-07-02T10:18:21+00:00\",\"dateModified\":\"2025-05-08T09:43:03+00:00\",\"breadcrumb\":{\"@id\":\"https:\/\/candis-projekt.de\/en\/literature\/#breadcrumb\"},\"inLanguage\":\"en-GB\",\"potentialAction\":[{\"@type\":\"ReadAction\",\"target\":[\"https:\/\/candis-projekt.de\/en\/literature\/\"]}]},{\"@type\":\"BreadcrumbList\",\"@id\":\"https:\/\/candis-projekt.de\/en\/literature\/#breadcrumb\",\"itemListElement\":[{\"@type\":\"ListItem\",\"position\":1,\"name\":\"Startseite\",\"item\":\"https:\/\/candis-projekt.de\/en\/\"},{\"@type\":\"ListItem\",\"position\":2,\"name\":\"Literature\"}]},{\"@type\":\"WebSite\",\"@id\":\"https:\/\/candis-projekt.de\/en\/#website\",\"url\":\"https:\/\/candis-projekt.de\/en\/\",\"name\":\"CANDIS - english version\",\"description\":\"Withdrawal therapy for cannabis addiction\",\"publisher\":{\"@id\":\"https:\/\/candis-projekt.de\/en\/#organization\"},\"potentialAction\":[{\"@type\":\"SearchAction\",\"target\":{\"@type\":\"EntryPoint\",\"urlTemplate\":\"https:\/\/candis-projekt.de\/en\/?s={search_term_string}\"},\"query-input\":{\"@type\":\"PropertyValueSpecification\",\"valueRequired\":true,\"valueName\":\"search_term_string\"}}],\"inLanguage\":\"en-GB\"},{\"@type\":\"Organization\",\"@id\":\"https:\/\/candis-projekt.de\/en\/#organization\",\"name\":\"CANDIS - english version\",\"url\":\"https:\/\/candis-projekt.de\/en\/\",\"logo\":{\"@type\":\"ImageObject\",\"inLanguage\":\"en-GB\",\"@id\":\"https:\/\/candis-projekt.de\/en\/#\/schema\/logo\/image\/\",\"url\":\"https:\/\/candis-projekt.de\/en\/wp-content\/uploads\/sites\/3\/2020\/07\/cannabis-withdrawal-therapy-candis.png\",\"contentUrl\":\"https:\/\/candis-projekt.de\/en\/wp-content\/uploads\/sites\/3\/2020\/07\/cannabis-withdrawal-therapy-candis.png\",\"width\":264,\"height\":174,\"caption\":\"CANDIS - english version\"},\"image\":{\"@id\":\"https:\/\/candis-projekt.de\/en\/#\/schema\/logo\/image\/\"}}]}<\/script>\n<!-- \/ Yoast SEO plugin. -->","yoast_head_json":{"title":"Literature - CANDIS - english version","robots":{"index":"index","follow":"follow","max-snippet":"max-snippet:-1","max-image-preview":"max-image-preview:large","max-video-preview":"max-video-preview:-1"},"canonical":"https:\/\/candis-projekt.de\/en\/literature\/","og_locale":"en_GB","og_type":"article","og_title":"Literature - CANDIS - english version","og_description":"Hoch, E., Friemel, C.-M, Schneider, M. (Hrsg) (2019). Cannabis: Potenzial und Risiko. Eine&nbsp;wissenschaftliche Bestandsaufnahme. Heidelberg: Springer Nature https:\/\/www.springer.com\/de\/book\/9783662572900 Hoch, E., Preuss, U.-W. (2019). Cannabis, Cannabinoide und Cannabiskonsumst\u00f6rungen. PSYCH&nbsp;up2date; 13(05): 395-409. https:\/\/www.thieme-connect.com\/products\/ejournals\/html\/10.1055\/a-0847-9296 Neumann, M., B\u00fchringer, G., H\u00f6fler, M., Wittchen, H.-U., Hoch, E. (2018).&nbsp;Is cannabis use treatment also indicated for patients with low to moderate polysubstance use. [&hellip;]","og_url":"https:\/\/candis-projekt.de\/en\/literature\/","og_site_name":"CANDIS - english version","article_modified_time":"2025-05-08T09:43:03+00:00","twitter_card":"summary_large_image","twitter_misc":{"Estimated reading time":"2 minutes"},"schema":{"@context":"https:\/\/schema.org","@graph":[{"@type":"WebPage","@id":"https:\/\/candis-projekt.de\/en\/literature\/","url":"https:\/\/candis-projekt.de\/en\/literature\/","name":"Literature - CANDIS - english version","isPartOf":{"@id":"https:\/\/candis-projekt.de\/en\/#website"},"datePublished":"2020-07-02T10:18:21+00:00","dateModified":"2025-05-08T09:43:03+00:00","breadcrumb":{"@id":"https:\/\/candis-projekt.de\/en\/literature\/#breadcrumb"},"inLanguage":"en-GB","potentialAction":[{"@type":"ReadAction","target":["https:\/\/candis-projekt.de\/en\/literature\/"]}]},{"@type":"BreadcrumbList","@id":"https:\/\/candis-projekt.de\/en\/literature\/#breadcrumb","itemListElement":[{"@type":"ListItem","position":1,"name":"Startseite","item":"https:\/\/candis-projekt.de\/en\/"},{"@type":"ListItem","position":2,"name":"Literature"}]},{"@type":"WebSite","@id":"https:\/\/candis-projekt.de\/en\/#website","url":"https:\/\/candis-projekt.de\/en\/","name":"CANDIS - english version","description":"Withdrawal therapy for cannabis addiction","publisher":{"@id":"https:\/\/candis-projekt.de\/en\/#organization"},"potentialAction":[{"@type":"SearchAction","target":{"@type":"EntryPoint","urlTemplate":"https:\/\/candis-projekt.de\/en\/?s={search_term_string}"},"query-input":{"@type":"PropertyValueSpecification","valueRequired":true,"valueName":"search_term_string"}}],"inLanguage":"en-GB"},{"@type":"Organization","@id":"https:\/\/candis-projekt.de\/en\/#organization","name":"CANDIS - english version","url":"https:\/\/candis-projekt.de\/en\/","logo":{"@type":"ImageObject","inLanguage":"en-GB","@id":"https:\/\/candis-projekt.de\/en\/#\/schema\/logo\/image\/","url":"https:\/\/candis-projekt.de\/en\/wp-content\/uploads\/sites\/3\/2020\/07\/cannabis-withdrawal-therapy-candis.png","contentUrl":"https:\/\/candis-projekt.de\/en\/wp-content\/uploads\/sites\/3\/2020\/07\/cannabis-withdrawal-therapy-candis.png","width":264,"height":174,"caption":"CANDIS - english version"},"image":{"@id":"https:\/\/candis-projekt.de\/en\/#\/schema\/logo\/image\/"}}]}},"uagb_featured_image_src":{"full":false,"thumbnail":false,"medium":false,"medium_large":false,"large":false,"1536x1536":false,"2048x2048":false},"uagb_author_info":{"display_name":"candis","author_link":"https:\/\/candis-projekt.de\/en\/author\/munter19answerk\/"},"uagb_comment_info":0,"uagb_excerpt":"Hoch, E., Friemel, C.-M, Schneider, M. (Hrsg) (2019). Cannabis: Potenzial und Risiko. Eine&nbsp;wissenschaftliche Bestandsaufnahme. Heidelberg: Springer Nature https:\/\/www.springer.com\/de\/book\/9783662572900 Hoch, E., Preuss, U.-W. (2019). Cannabis, Cannabinoide und Cannabiskonsumst\u00f6rungen. PSYCH&nbsp;up2date; 13(05): 395-409. https:\/\/www.thieme-connect.com\/products\/ejournals\/html\/10.1055\/a-0847-9296 Neumann, M., B\u00fchringer, G., H\u00f6fler, M., Wittchen, H.-U., Hoch, E. (2018).&nbsp;Is cannabis use treatment also indicated for patients with low to moderate polysubstance use.&hellip;","_links":{"self":[{"href":"https:\/\/candis-projekt.de\/en\/wp-json\/wp\/v2\/pages\/21","targetHints":{"allow":["GET"]}}],"collection":[{"href":"https:\/\/candis-projekt.de\/en\/wp-json\/wp\/v2\/pages"}],"about":[{"href":"https:\/\/candis-projekt.de\/en\/wp-json\/wp\/v2\/types\/page"}],"author":[{"embeddable":true,"href":"https:\/\/candis-projekt.de\/en\/wp-json\/wp\/v2\/users\/1"}],"replies":[{"embeddable":true,"href":"https:\/\/candis-projekt.de\/en\/wp-json\/wp\/v2\/comments?post=21"}],"version-history":[{"count":5,"href":"https:\/\/candis-projekt.de\/en\/wp-json\/wp\/v2\/pages\/21\/revisions"}],"predecessor-version":[{"id":1645,"href":"https:\/\/candis-projekt.de\/en\/wp-json\/wp\/v2\/pages\/21\/revisions\/1645"}],"wp:attachment":[{"href":"https:\/\/candis-projekt.de\/en\/wp-json\/wp\/v2\/media?parent=21"}],"curies":[{"name":"wp","href":"https:\/\/api.w.org\/{rel}","templated":true}]}}