{"id":17,"date":"2020-07-01T20:48:45","date_gmt":"2020-07-01T18:48:45","guid":{"rendered":"https:\/\/candis-projekt.de\/en\/?page_id=17"},"modified":"2025-05-19T19:10:04","modified_gmt":"2025-05-19T17:10:04","slug":"workshop","status":"publish","type":"page","link":"https:\/\/candis-projekt.de\/en\/workshop\/","title":{"rendered":"CANDIS-Workshops"},"content":{"rendered":"\n<p class=\"schmal\">During the last 15 years we have trained more than 2.000 psychologists, doctors, social workers and other professional groups of the health care system in Germany, Austria, Switzerland, Poland, Luxembourg, Italy and Spain regarding the CANDIS programme.<\/p>\n\n\n\n<p>We offer online workshops regularly, but also offer in-house workshops for you. You&nbsp;can also participate in a two-days training by contacting the <em><span class=\"nobr\"><a href=\"https:\/\/www.psychologenakademie.de\/\" target=\"_blank\" rel=\"noopener noreferrer\">German Psychologists\u2019 Academy<\/a><\/span><\/em> in Berlin.<\/p>\n\n\n\n<div style=\"height:10px\" aria-hidden=\"true\" class=\"wp-block-spacer\"><\/div>\n\n\n\n<h2 class=\"wp-block-heading has-accent-1-color has-text-color has-link-color wp-elements-15d0431f46bb01f0799f4f06aeff4101\">Workshop Programme<\/h2>\n\n\n\n<p>The CANDIS Workshop offers extensive introduction into the highly effective and successful evaluated modular therapy programme&nbsp; <em>\u201eModular therapy for Cannabis disorders CANDIS\u201c<\/em>. The treatment is aimed for older adolescents and adults with problematic cannabis use. Often clients also bring further live issues into treatment, as well as other mental disorders.<\/p>\n\n\n\n<p>In the workshops you require important strategies of the motivational interviewing and the cognitive-behavioural therapy. Therapy contents (e. g. information on cannabis and cannabis dependence, motivation enhancement, target clarification, preparation of use stop, relapse prevention, dealing with craving, refusal of cannabis offers, coping with problems, establish social competence) are facilitated and actively practiced in role playing and group work.<\/p>\n\n\n\n<p>Video examples and case vignettes illustrate the clinical picture of clients. Treatment chances and barriers in realistic therapy processes are demonstrated. Intensive exchange of participants\u2019 experiences is promoted for participants in a relaxed atmosphere.<\/p>\n\n\n\n<div style=\"height:10px\" aria-hidden=\"true\" class=\"wp-block-spacer\"><\/div>\n\n\n\n<h3 class=\"wp-block-heading\">Target group:<\/h3>\n\n\n\n<p>Psychologists, physicians\/medical specialists, social workers, social pedagogues and other professional groups of the health care system.<\/p>\n\n\n\n<h3 class=\"wp-block-heading\">Number of participants:<\/h3>\n\n\n\n<p>Max. 16 participants per event.<\/p>\n\n\n\n<div style=\"height:10px\" aria-hidden=\"true\" class=\"wp-block-spacer\"><\/div>\n\n\n\n<h3 class=\"wp-block-heading\">Duration:<\/h3>\n\n\n\n<p>14 teaching units on 2 or 3 days (depending on the workshop)<\/p>\n\n\n\n<p>The workshop is recognized by the PTK Bavaria with 16 advanced training workshop units.<\/p>\n\n\n\n<div style=\"height:10px\" aria-hidden=\"true\" class=\"wp-block-spacer\"><\/div>\n\n\n\n<h2 class=\"wp-block-heading has-accent-1-color has-text-color has-link-color wp-elements-55991bf06b34600d479fa4df6b56ebc9\">Dates 2025<\/h2>\n\n\n\n<div class=\"wp-block-group has-background has-global-padding is-layout-constrained wp-container-core-group-is-layout-80fb368b wp-block-group-is-layout-constrained\" style=\"border-radius:10px;background-color:#ede7d34f;padding-top:var(--wp--preset--spacing--30);padding-right:var(--wp--preset--spacing--30);padding-bottom:var(--wp--preset--spacing--30);padding-left:var(--wp--preset--spacing--30)\">\n<h3 class=\"wp-block-heading has-contrast-color has-text-color has-link-color wp-elements-c07e62f3b9eb68e6e70b6bc7ed15f6f7\"><strong>Online workshop 16 &amp; 17 &amp; 23 October 2025<\/strong><\/h3>\n\n\n\n<p class=\"has-accent-4-color has-text-color has-link-color wp-elements-2467b5191621e72f03890246f3b58266\"><strong>Instructors: <\/strong>Prof. Hoch, Dr. Rohrbacher, Dipl.-Psych. Rammrath-Tzschentke<\/p>\n\n\n\n<p class=\"has-accent-4-color has-text-color has-link-color wp-elements-a38f29e50363c5fc5e4e3c3bd6095165\"><strong>Day 1: <\/strong>Thursday, 16 October 2025, 4:30\u20138:15 pm, online via Zoom<strong><br>Day 2: <\/strong>Friday, 17 October 2025, 4:30\u20138:15 pm, online via Zoom<strong><br>Day 3: <\/strong>Thursday, 23 October 2025, 4:30\u20138:15 pm, online via Zoom<\/p>\n<\/div>\n\n\n\n<div style=\"height:10px\" aria-hidden=\"true\" class=\"wp-block-spacer\"><\/div>\n\n\n\n<h3 class=\"wp-block-heading\">Fee:<\/h3>\n\n\n\n<p>\u20ac 360 (Early booking discount for registration until 1 July 2025)<br>\u20ac 390 (regul\u00e4rer Preis)<\/p>\n\n\n\n<div style=\"height:10px\" aria-hidden=\"true\" class=\"wp-block-spacer\"><\/div>\n\n\n\n<h3 class=\"wp-block-heading\">Registration:<\/h3>\n\n\n\n<p>If you have any questions or are interested in our professional training courses, please send us an email using the form.<\/p>\n\n\n\n<p>Prof. Dr. rer. nat. Eva Hoch<br>IFT Institut f\u00fcr Therapieforschung<br>Leopoldstra\u00dfe 175<br>80804 M\u00fcnchen<\/p>\n\n\n\n<div class=\"wp-block-group is-nowrap is-layout-flex wp-container-core-group-is-layout-cff77db9 wp-block-group-is-layout-flex\" style=\"padding-bottom:0\">\n<figure class=\"wp-block-image size-full is-resized\" style=\"margin-bottom:0px\"><img decoding=\"async\" src=\"https:\/\/candis-projekt.de\/wp-content\/uploads\/2025\/04\/icon_email-24.png\" alt=\"\" class=\"wp-image-1597\" style=\"width:20px\"\/><\/figure>\n\n\n\n<p class=\"copy-link\"><a href=\"mailto:Eva.Hoch@gmx.de\">Eva.Hoch@gmx.de<\/a><\/p>\n<\/div>\n","protected":false},"excerpt":{"rendered":"<p>During the last 15 years we have trained more than 2.000 psychologists, doctors, social workers and other professional groups of the health care system in Germany, Austria, Switzerland, Poland, Luxembourg, Italy and Spain regarding the CANDIS programme. We offer online workshops regularly, but also offer in-house workshops for you. You&nbsp;can also participate in a two-days [&hellip;]<\/p>\n","protected":false},"author":1,"featured_media":0,"parent":0,"menu_order":0,"comment_status":"closed","ping_status":"closed","template":"","meta":{"_uag_custom_page_level_css":"","footnotes":""},"class_list":["post-17","page","type-page","status-publish","hentry"],"yoast_head":"<!-- This site is optimized with the Yoast SEO plugin v25.8 - https:\/\/yoast.com\/wordpress\/plugins\/seo\/ -->\n<title>CANDIS-Workshops - CANDIS - english version<\/title>\n<meta name=\"robots\" content=\"index, follow, max-snippet:-1, max-image-preview:large, max-video-preview:-1\" \/>\n<link rel=\"canonical\" href=\"https:\/\/candis-projekt.de\/en\/workshop\/\" \/>\n<meta property=\"og:locale\" content=\"en_GB\" \/>\n<meta property=\"og:type\" content=\"article\" \/>\n<meta property=\"og:title\" content=\"CANDIS-Workshops - CANDIS - english version\" \/>\n<meta property=\"og:description\" content=\"During the last 15 years we have trained more than 2.000 psychologists, doctors, social workers and other professional groups of the health care system in Germany, Austria, Switzerland, Poland, Luxembourg, Italy and Spain regarding the CANDIS programme. We offer online workshops regularly, but also offer in-house workshops for you. You&nbsp;can also participate in a two-days [&hellip;]\" \/>\n<meta property=\"og:url\" content=\"https:\/\/candis-projekt.de\/en\/workshop\/\" \/>\n<meta property=\"og:site_name\" content=\"CANDIS - english version\" \/>\n<meta property=\"article:modified_time\" content=\"2025-05-19T17:10:04+00:00\" \/>\n<meta name=\"twitter:card\" content=\"summary_large_image\" \/>\n<meta name=\"twitter:label1\" content=\"Estimated reading time\" \/>\n\t<meta name=\"twitter:data1\" content=\"2 minutes\" \/>\n<script type=\"application\/ld+json\" class=\"yoast-schema-graph\">{\"@context\":\"https:\/\/schema.org\",\"@graph\":[{\"@type\":\"WebPage\",\"@id\":\"https:\/\/candis-projekt.de\/en\/workshop\/\",\"url\":\"https:\/\/candis-projekt.de\/en\/workshop\/\",\"name\":\"CANDIS-Workshops - CANDIS - english version\",\"isPartOf\":{\"@id\":\"https:\/\/candis-projekt.de\/en\/#website\"},\"primaryImageOfPage\":{\"@id\":\"https:\/\/candis-projekt.de\/en\/workshop\/#primaryimage\"},\"image\":{\"@id\":\"https:\/\/candis-projekt.de\/en\/workshop\/#primaryimage\"},\"thumbnailUrl\":\"https:\/\/candis-projekt.de\/wp-content\/uploads\/2025\/04\/icon_email-24.png\",\"datePublished\":\"2020-07-01T18:48:45+00:00\",\"dateModified\":\"2025-05-19T17:10:04+00:00\",\"breadcrumb\":{\"@id\":\"https:\/\/candis-projekt.de\/en\/workshop\/#breadcrumb\"},\"inLanguage\":\"en-GB\",\"potentialAction\":[{\"@type\":\"ReadAction\",\"target\":[\"https:\/\/candis-projekt.de\/en\/workshop\/\"]}]},{\"@type\":\"ImageObject\",\"inLanguage\":\"en-GB\",\"@id\":\"https:\/\/candis-projekt.de\/en\/workshop\/#primaryimage\",\"url\":\"https:\/\/candis-projekt.de\/wp-content\/uploads\/2025\/04\/icon_email-24.png\",\"contentUrl\":\"https:\/\/candis-projekt.de\/wp-content\/uploads\/2025\/04\/icon_email-24.png\"},{\"@type\":\"BreadcrumbList\",\"@id\":\"https:\/\/candis-projekt.de\/en\/workshop\/#breadcrumb\",\"itemListElement\":[{\"@type\":\"ListItem\",\"position\":1,\"name\":\"Startseite\",\"item\":\"https:\/\/candis-projekt.de\/en\/\"},{\"@type\":\"ListItem\",\"position\":2,\"name\":\"CANDIS-Workshops\"}]},{\"@type\":\"WebSite\",\"@id\":\"https:\/\/candis-projekt.de\/en\/#website\",\"url\":\"https:\/\/candis-projekt.de\/en\/\",\"name\":\"CANDIS - english version\",\"description\":\"Withdrawal therapy for cannabis addiction\",\"publisher\":{\"@id\":\"https:\/\/candis-projekt.de\/en\/#organization\"},\"potentialAction\":[{\"@type\":\"SearchAction\",\"target\":{\"@type\":\"EntryPoint\",\"urlTemplate\":\"https:\/\/candis-projekt.de\/en\/?s={search_term_string}\"},\"query-input\":{\"@type\":\"PropertyValueSpecification\",\"valueRequired\":true,\"valueName\":\"search_term_string\"}}],\"inLanguage\":\"en-GB\"},{\"@type\":\"Organization\",\"@id\":\"https:\/\/candis-projekt.de\/en\/#organization\",\"name\":\"CANDIS - english version\",\"url\":\"https:\/\/candis-projekt.de\/en\/\",\"logo\":{\"@type\":\"ImageObject\",\"inLanguage\":\"en-GB\",\"@id\":\"https:\/\/candis-projekt.de\/en\/#\/schema\/logo\/image\/\",\"url\":\"https:\/\/candis-projekt.de\/en\/wp-content\/uploads\/sites\/3\/2020\/07\/cannabis-withdrawal-therapy-candis.png\",\"contentUrl\":\"https:\/\/candis-projekt.de\/en\/wp-content\/uploads\/sites\/3\/2020\/07\/cannabis-withdrawal-therapy-candis.png\",\"width\":264,\"height\":174,\"caption\":\"CANDIS - english version\"},\"image\":{\"@id\":\"https:\/\/candis-projekt.de\/en\/#\/schema\/logo\/image\/\"}}]}<\/script>\n<!-- \/ Yoast SEO plugin. -->","yoast_head_json":{"title":"CANDIS-Workshops - CANDIS - english version","robots":{"index":"index","follow":"follow","max-snippet":"max-snippet:-1","max-image-preview":"max-image-preview:large","max-video-preview":"max-video-preview:-1"},"canonical":"https:\/\/candis-projekt.de\/en\/workshop\/","og_locale":"en_GB","og_type":"article","og_title":"CANDIS-Workshops - CANDIS - english version","og_description":"During the last 15 years we have trained more than 2.000 psychologists, doctors, social workers and other professional groups of the health care system in Germany, Austria, Switzerland, Poland, Luxembourg, Italy and Spain regarding the CANDIS programme. We offer online workshops regularly, but also offer in-house workshops for you. You&nbsp;can also participate in a two-days [&hellip;]","og_url":"https:\/\/candis-projekt.de\/en\/workshop\/","og_site_name":"CANDIS - english version","article_modified_time":"2025-05-19T17:10:04+00:00","twitter_card":"summary_large_image","twitter_misc":{"Estimated reading time":"2 minutes"},"schema":{"@context":"https:\/\/schema.org","@graph":[{"@type":"WebPage","@id":"https:\/\/candis-projekt.de\/en\/workshop\/","url":"https:\/\/candis-projekt.de\/en\/workshop\/","name":"CANDIS-Workshops - CANDIS - english version","isPartOf":{"@id":"https:\/\/candis-projekt.de\/en\/#website"},"primaryImageOfPage":{"@id":"https:\/\/candis-projekt.de\/en\/workshop\/#primaryimage"},"image":{"@id":"https:\/\/candis-projekt.de\/en\/workshop\/#primaryimage"},"thumbnailUrl":"https:\/\/candis-projekt.de\/wp-content\/uploads\/2025\/04\/icon_email-24.png","datePublished":"2020-07-01T18:48:45+00:00","dateModified":"2025-05-19T17:10:04+00:00","breadcrumb":{"@id":"https:\/\/candis-projekt.de\/en\/workshop\/#breadcrumb"},"inLanguage":"en-GB","potentialAction":[{"@type":"ReadAction","target":["https:\/\/candis-projekt.de\/en\/workshop\/"]}]},{"@type":"ImageObject","inLanguage":"en-GB","@id":"https:\/\/candis-projekt.de\/en\/workshop\/#primaryimage","url":"https:\/\/candis-projekt.de\/wp-content\/uploads\/2025\/04\/icon_email-24.png","contentUrl":"https:\/\/candis-projekt.de\/wp-content\/uploads\/2025\/04\/icon_email-24.png"},{"@type":"BreadcrumbList","@id":"https:\/\/candis-projekt.de\/en\/workshop\/#breadcrumb","itemListElement":[{"@type":"ListItem","position":1,"name":"Startseite","item":"https:\/\/candis-projekt.de\/en\/"},{"@type":"ListItem","position":2,"name":"CANDIS-Workshops"}]},{"@type":"WebSite","@id":"https:\/\/candis-projekt.de\/en\/#website","url":"https:\/\/candis-projekt.de\/en\/","name":"CANDIS - english version","description":"Withdrawal therapy for cannabis addiction","publisher":{"@id":"https:\/\/candis-projekt.de\/en\/#organization"},"potentialAction":[{"@type":"SearchAction","target":{"@type":"EntryPoint","urlTemplate":"https:\/\/candis-projekt.de\/en\/?s={search_term_string}"},"query-input":{"@type":"PropertyValueSpecification","valueRequired":true,"valueName":"search_term_string"}}],"inLanguage":"en-GB"},{"@type":"Organization","@id":"https:\/\/candis-projekt.de\/en\/#organization","name":"CANDIS - english version","url":"https:\/\/candis-projekt.de\/en\/","logo":{"@type":"ImageObject","inLanguage":"en-GB","@id":"https:\/\/candis-projekt.de\/en\/#\/schema\/logo\/image\/","url":"https:\/\/candis-projekt.de\/en\/wp-content\/uploads\/sites\/3\/2020\/07\/cannabis-withdrawal-therapy-candis.png","contentUrl":"https:\/\/candis-projekt.de\/en\/wp-content\/uploads\/sites\/3\/2020\/07\/cannabis-withdrawal-therapy-candis.png","width":264,"height":174,"caption":"CANDIS - english version"},"image":{"@id":"https:\/\/candis-projekt.de\/en\/#\/schema\/logo\/image\/"}}]}},"uagb_featured_image_src":{"full":false,"thumbnail":false,"medium":false,"medium_large":false,"large":false,"1536x1536":false,"2048x2048":false},"uagb_author_info":{"display_name":"candis","author_link":"https:\/\/candis-projekt.de\/en\/author\/munter19answerk\/"},"uagb_comment_info":0,"uagb_excerpt":"During the last 15 years we have trained more than 2.000 psychologists, doctors, social workers and other professional groups of the health care system in Germany, Austria, Switzerland, Poland, Luxembourg, Italy and Spain regarding the CANDIS programme. We offer online workshops regularly, but also offer in-house workshops for you. You&nbsp;can also participate in a two-days&hellip;","_links":{"self":[{"href":"https:\/\/candis-projekt.de\/en\/wp-json\/wp\/v2\/pages\/17","targetHints":{"allow":["GET"]}}],"collection":[{"href":"https:\/\/candis-projekt.de\/en\/wp-json\/wp\/v2\/pages"}],"about":[{"href":"https:\/\/candis-projekt.de\/en\/wp-json\/wp\/v2\/types\/page"}],"author":[{"embeddable":true,"href":"https:\/\/candis-projekt.de\/en\/wp-json\/wp\/v2\/users\/1"}],"replies":[{"embeddable":true,"href":"https:\/\/candis-projekt.de\/en\/wp-json\/wp\/v2\/comments?post=17"}],"version-history":[{"count":5,"href":"https:\/\/candis-projekt.de\/en\/wp-json\/wp\/v2\/pages\/17\/revisions"}],"predecessor-version":[{"id":1651,"href":"https:\/\/candis-projekt.de\/en\/wp-json\/wp\/v2\/pages\/17\/revisions\/1651"}],"wp:attachment":[{"href":"https:\/\/candis-projekt.de\/en\/wp-json\/wp\/v2\/media?parent=17"}],"curies":[{"name":"wp","href":"https:\/\/api.w.org\/{rel}","templated":true}]}}