{"id":13,"date":"2020-07-03T13:24:04","date_gmt":"2020-07-03T11:24:04","guid":{"rendered":"https:\/\/candis-projekt.de\/en\/?page_id=13"},"modified":"2025-05-08T11:42:49","modified_gmt":"2025-05-08T09:42:49","slug":"imprint","status":"publish","type":"page","link":"https:\/\/candis-projekt.de\/en\/imprint\/","title":{"rendered":"Imprint"},"content":{"rendered":"\n<div style=\"height:1px\" aria-hidden=\"true\" class=\"wp-block-spacer uag-hide-mob\"><\/div>\n\n\n\n<h2 class=\"wp-block-heading manual has-accent-1-color has-text-color has-link-color wp-elements-5c44f8fba768f95071fb8c4ac0222c01\">Responsible person<\/h2>\n\n\n\n<p>Priv.-Doz. Dr. rer. nat. Eva Hoch<br>Nu\u00dfbaumstra\u00dfe 7<br>80336 M\u00fcnchen<br><a href=\"mailto:Eva.Hoch@gmx.de\">Eva.Hoch@gmx.de<\/a><\/p>\n\n\n\n<h3 class=\"wp-block-heading untertitel\">Tel: +49 (0)89 \/ 4400 55 382<\/h3>\n\n\n\n<div style=\"height:10px\" aria-hidden=\"true\" class=\"wp-block-spacer\"><\/div>\n\n\n\n<h2 class=\"wp-block-heading manual has-accent-1-color has-text-color has-link-color wp-elements-472f58e0be80a92d09d6c4ed164516b3\">Design <\/h2>\n\n\n\n<p>\u00a9 A.Schott<\/p>\n\n\n\n<div style=\"height:10px\" aria-hidden=\"true\" class=\"wp-block-spacer\"><\/div>\n\n\n\n<h2 class=\"wp-block-heading has-accent-1-color has-text-color has-link-color wp-elements-864e062d4cf185e4ef8c3f62d872a940\">Legal indices (Disclaimer)<\/h2>\n\n\n\n<h3 class=\"wp-block-heading\">Limitation of liability for own contents:<\/h3>\n\n\n\n<p>All contents of the internet presence were compiled carefully to the best of our knowledge. Warranty for its actuality, integrity and correctness of all pages, however, cannot be assumed. According to \u00a7 7 section 1 (telemedia law), we as providers are responsible for own contents on these pages legally, but acc. to \u00a7\u00a7 8 \u2013 10 (telemedia law) not responsible to control transmitted or stored external information. Deletion of these contents is done immediately after knowledge of tangible infringement and we are not liable prior to the time point of knowledge attainment.<\/p>\n\n\n\n<div style=\"height:10px\" aria-hidden=\"true\" class=\"wp-block-spacer\"><\/div>\n\n\n\n<h3 class=\"wp-block-heading\">Limitation of liability for external links:<\/h3>\n\n\n\n<p>Our website contains so-called \u201eexternal links\u201c(shortcut to websites of third parties), for which we have no impact concerning their contents and therefore, we cannot accept any responsibility. Concerning the contents and integrity of this information, responsibility is up to each information provider of the linked website. At the time the linking was done, no statutory violation was noticeable. If any statutory violation will become apparent, the according link will be deleted immediately.<\/p>\n\n\n\n<div style=\"height:10px\" aria-hidden=\"true\" class=\"wp-block-spacer\"><\/div>\n\n\n\n<h3 class=\"wp-block-heading\">Copyright:<\/h3>\n\n\n\n<p>The contents and works published on this website are subject to the German copyright. Each kind of replication, distribution and any utilisation beyond the limitations of the copyright require previous written consent of the originator resp. author concerned.<\/p>\n\n\n\n<div style=\"height:10px\" aria-hidden=\"true\" class=\"wp-block-spacer\"><\/div>\n\n\n\n<p>Source Disclaimer: mustervorlage.net<\/p>\n","protected":false},"excerpt":{"rendered":"<p>Responsible person Priv.-Doz. Dr. rer. nat. Eva HochNu\u00dfbaumstra\u00dfe 780336 M\u00fcnchenEva.Hoch@gmx.de Tel: +49 (0)89 \/ 4400 55 382 Design \u00a9 A.Schott Legal indices (Disclaimer) Limitation of liability for own contents: All contents of the internet presence were compiled carefully to the best of our knowledge. Warranty for its actuality, integrity and correctness of all pages, however, [&hellip;]<\/p>\n","protected":false},"author":1,"featured_media":0,"parent":0,"menu_order":0,"comment_status":"closed","ping_status":"closed","template":"","meta":{"_uag_custom_page_level_css":"","footnotes":""},"class_list":["post-13","page","type-page","status-publish","hentry"],"yoast_head":"<!-- This site is optimized with the Yoast SEO plugin v25.8 - https:\/\/yoast.com\/wordpress\/plugins\/seo\/ -->\n<title>Imprint - CANDIS - english version<\/title>\n<meta name=\"robots\" content=\"index, follow, max-snippet:-1, max-image-preview:large, max-video-preview:-1\" \/>\n<link rel=\"canonical\" href=\"https:\/\/candis-projekt.de\/en\/imprint\/\" \/>\n<meta property=\"og:locale\" content=\"en_GB\" \/>\n<meta property=\"og:type\" content=\"article\" \/>\n<meta property=\"og:title\" content=\"Imprint - CANDIS - english version\" \/>\n<meta property=\"og:description\" content=\"Responsible person Priv.-Doz. Dr. rer. nat. Eva HochNu\u00dfbaumstra\u00dfe 780336 M\u00fcnchenEva.Hoch@gmx.de Tel: +49 (0)89 \/ 4400 55 382 Design \u00a9 A.Schott Legal indices (Disclaimer) Limitation of liability for own contents: All contents of the internet presence were compiled carefully to the best of our knowledge. Warranty for its actuality, integrity and correctness of all pages, however, [&hellip;]\" \/>\n<meta property=\"og:url\" content=\"https:\/\/candis-projekt.de\/en\/imprint\/\" \/>\n<meta property=\"og:site_name\" content=\"CANDIS - english version\" \/>\n<meta property=\"article:modified_time\" content=\"2025-05-08T09:42:49+00:00\" \/>\n<meta name=\"twitter:card\" content=\"summary_large_image\" \/>\n<meta name=\"twitter:label1\" content=\"Estimated reading time\" \/>\n\t<meta name=\"twitter:data1\" content=\"2 minutes\" \/>\n<script type=\"application\/ld+json\" class=\"yoast-schema-graph\">{\"@context\":\"https:\/\/schema.org\",\"@graph\":[{\"@type\":\"WebPage\",\"@id\":\"https:\/\/candis-projekt.de\/en\/imprint\/\",\"url\":\"https:\/\/candis-projekt.de\/en\/imprint\/\",\"name\":\"Imprint - CANDIS - english version\",\"isPartOf\":{\"@id\":\"https:\/\/candis-projekt.de\/en\/#website\"},\"datePublished\":\"2020-07-03T11:24:04+00:00\",\"dateModified\":\"2025-05-08T09:42:49+00:00\",\"breadcrumb\":{\"@id\":\"https:\/\/candis-projekt.de\/en\/imprint\/#breadcrumb\"},\"inLanguage\":\"en-GB\",\"potentialAction\":[{\"@type\":\"ReadAction\",\"target\":[\"https:\/\/candis-projekt.de\/en\/imprint\/\"]}]},{\"@type\":\"BreadcrumbList\",\"@id\":\"https:\/\/candis-projekt.de\/en\/imprint\/#breadcrumb\",\"itemListElement\":[{\"@type\":\"ListItem\",\"position\":1,\"name\":\"Startseite\",\"item\":\"https:\/\/candis-projekt.de\/en\/\"},{\"@type\":\"ListItem\",\"position\":2,\"name\":\"Imprint\"}]},{\"@type\":\"WebSite\",\"@id\":\"https:\/\/candis-projekt.de\/en\/#website\",\"url\":\"https:\/\/candis-projekt.de\/en\/\",\"name\":\"CANDIS - english version\",\"description\":\"Withdrawal therapy for cannabis addiction\",\"publisher\":{\"@id\":\"https:\/\/candis-projekt.de\/en\/#organization\"},\"potentialAction\":[{\"@type\":\"SearchAction\",\"target\":{\"@type\":\"EntryPoint\",\"urlTemplate\":\"https:\/\/candis-projekt.de\/en\/?s={search_term_string}\"},\"query-input\":{\"@type\":\"PropertyValueSpecification\",\"valueRequired\":true,\"valueName\":\"search_term_string\"}}],\"inLanguage\":\"en-GB\"},{\"@type\":\"Organization\",\"@id\":\"https:\/\/candis-projekt.de\/en\/#organization\",\"name\":\"CANDIS - english version\",\"url\":\"https:\/\/candis-projekt.de\/en\/\",\"logo\":{\"@type\":\"ImageObject\",\"inLanguage\":\"en-GB\",\"@id\":\"https:\/\/candis-projekt.de\/en\/#\/schema\/logo\/image\/\",\"url\":\"https:\/\/candis-projekt.de\/en\/wp-content\/uploads\/sites\/3\/2020\/07\/cannabis-withdrawal-therapy-candis.png\",\"contentUrl\":\"https:\/\/candis-projekt.de\/en\/wp-content\/uploads\/sites\/3\/2020\/07\/cannabis-withdrawal-therapy-candis.png\",\"width\":264,\"height\":174,\"caption\":\"CANDIS - english version\"},\"image\":{\"@id\":\"https:\/\/candis-projekt.de\/en\/#\/schema\/logo\/image\/\"}}]}<\/script>\n<!-- \/ Yoast SEO plugin. -->","yoast_head_json":{"title":"Imprint - CANDIS - english version","robots":{"index":"index","follow":"follow","max-snippet":"max-snippet:-1","max-image-preview":"max-image-preview:large","max-video-preview":"max-video-preview:-1"},"canonical":"https:\/\/candis-projekt.de\/en\/imprint\/","og_locale":"en_GB","og_type":"article","og_title":"Imprint - CANDIS - english version","og_description":"Responsible person Priv.-Doz. Dr. rer. nat. Eva HochNu\u00dfbaumstra\u00dfe 780336 M\u00fcnchenEva.Hoch@gmx.de Tel: +49 (0)89 \/ 4400 55 382 Design \u00a9 A.Schott Legal indices (Disclaimer) Limitation of liability for own contents: All contents of the internet presence were compiled carefully to the best of our knowledge. Warranty for its actuality, integrity and correctness of all pages, however, [&hellip;]","og_url":"https:\/\/candis-projekt.de\/en\/imprint\/","og_site_name":"CANDIS - english version","article_modified_time":"2025-05-08T09:42:49+00:00","twitter_card":"summary_large_image","twitter_misc":{"Estimated reading time":"2 minutes"},"schema":{"@context":"https:\/\/schema.org","@graph":[{"@type":"WebPage","@id":"https:\/\/candis-projekt.de\/en\/imprint\/","url":"https:\/\/candis-projekt.de\/en\/imprint\/","name":"Imprint - CANDIS - english version","isPartOf":{"@id":"https:\/\/candis-projekt.de\/en\/#website"},"datePublished":"2020-07-03T11:24:04+00:00","dateModified":"2025-05-08T09:42:49+00:00","breadcrumb":{"@id":"https:\/\/candis-projekt.de\/en\/imprint\/#breadcrumb"},"inLanguage":"en-GB","potentialAction":[{"@type":"ReadAction","target":["https:\/\/candis-projekt.de\/en\/imprint\/"]}]},{"@type":"BreadcrumbList","@id":"https:\/\/candis-projekt.de\/en\/imprint\/#breadcrumb","itemListElement":[{"@type":"ListItem","position":1,"name":"Startseite","item":"https:\/\/candis-projekt.de\/en\/"},{"@type":"ListItem","position":2,"name":"Imprint"}]},{"@type":"WebSite","@id":"https:\/\/candis-projekt.de\/en\/#website","url":"https:\/\/candis-projekt.de\/en\/","name":"CANDIS - english version","description":"Withdrawal therapy for cannabis addiction","publisher":{"@id":"https:\/\/candis-projekt.de\/en\/#organization"},"potentialAction":[{"@type":"SearchAction","target":{"@type":"EntryPoint","urlTemplate":"https:\/\/candis-projekt.de\/en\/?s={search_term_string}"},"query-input":{"@type":"PropertyValueSpecification","valueRequired":true,"valueName":"search_term_string"}}],"inLanguage":"en-GB"},{"@type":"Organization","@id":"https:\/\/candis-projekt.de\/en\/#organization","name":"CANDIS - english version","url":"https:\/\/candis-projekt.de\/en\/","logo":{"@type":"ImageObject","inLanguage":"en-GB","@id":"https:\/\/candis-projekt.de\/en\/#\/schema\/logo\/image\/","url":"https:\/\/candis-projekt.de\/en\/wp-content\/uploads\/sites\/3\/2020\/07\/cannabis-withdrawal-therapy-candis.png","contentUrl":"https:\/\/candis-projekt.de\/en\/wp-content\/uploads\/sites\/3\/2020\/07\/cannabis-withdrawal-therapy-candis.png","width":264,"height":174,"caption":"CANDIS - english version"},"image":{"@id":"https:\/\/candis-projekt.de\/en\/#\/schema\/logo\/image\/"}}]}},"uagb_featured_image_src":{"full":false,"thumbnail":false,"medium":false,"medium_large":false,"large":false,"1536x1536":false,"2048x2048":false},"uagb_author_info":{"display_name":"candis","author_link":"https:\/\/candis-projekt.de\/en\/author\/munter19answerk\/"},"uagb_comment_info":0,"uagb_excerpt":"Responsible person Priv.-Doz. Dr. rer. nat. Eva HochNu\u00dfbaumstra\u00dfe 780336 M\u00fcnchenEva.Hoch@gmx.de Tel: +49 (0)89 \/ 4400 55 382 Design \u00a9 A.Schott Legal indices (Disclaimer) Limitation of liability for own contents: All contents of the internet presence were compiled carefully to the best of our knowledge. Warranty for its actuality, integrity and correctness of all pages, however,&hellip;","_links":{"self":[{"href":"https:\/\/candis-projekt.de\/en\/wp-json\/wp\/v2\/pages\/13","targetHints":{"allow":["GET"]}}],"collection":[{"href":"https:\/\/candis-projekt.de\/en\/wp-json\/wp\/v2\/pages"}],"about":[{"href":"https:\/\/candis-projekt.de\/en\/wp-json\/wp\/v2\/types\/page"}],"author":[{"embeddable":true,"href":"https:\/\/candis-projekt.de\/en\/wp-json\/wp\/v2\/users\/1"}],"replies":[{"embeddable":true,"href":"https:\/\/candis-projekt.de\/en\/wp-json\/wp\/v2\/comments?post=13"}],"version-history":[{"count":5,"href":"https:\/\/candis-projekt.de\/en\/wp-json\/wp\/v2\/pages\/13\/revisions"}],"predecessor-version":[{"id":1644,"href":"https:\/\/candis-projekt.de\/en\/wp-json\/wp\/v2\/pages\/13\/revisions\/1644"}],"wp:attachment":[{"href":"https:\/\/candis-projekt.de\/en\/wp-json\/wp\/v2\/media?parent=13"}],"curies":[{"name":"wp","href":"https:\/\/api.w.org\/{rel}","templated":true}]}}