{"id":123,"date":"2020-07-03T02:58:20","date_gmt":"2020-07-03T00:58:20","guid":{"rendered":"https:\/\/candis-projekt.de\/en\/?page_id=123"},"modified":"2025-05-04T13:54:50","modified_gmt":"2025-05-04T11:54:50","slug":"addiction-counselling","status":"publish","type":"page","link":"https:\/\/candis-projekt.de\/en\/addiction-counselling\/","title":{"rendered":"Therapy offers"},"content":{"rendered":"\n<p>In Germany, Poland, Austria, Switzerland, South Tyrol and Luxembourg many addiction treatment centers and outpatient settings offer the CANDIS programme. The following settings are only a small selection of places, where the CANDIS Therapy Programme is applied:<\/p>\n\n\n\n<h3 class=\"wp-block-heading\">Technical University Dresden<\/h3>\n\n\n\n<p class=\"copy-link\">Special outpatient clinic for alcohol, marijuana, pathological gambling<br>and smoking cessation<br>Dipl.-Psych. Anja Pixa<br>Chemnitzer Stra\u00dfe 46a<br>01187 Dresden<br>Tel.: 0351 \/ 46 339 837<br><a href=\"mailto:anja.pixa@tu-dresden.de\">anja.pixa@tu-dresden.de<\/a><\/p>\n\n\n\n<div style=\"height:10px\" aria-hidden=\"true\" class=\"wp-block-spacer\"><\/div>\n\n\n\n<h3 class=\"wp-block-heading\">Praxis Dr. Heike Rohrbacher<\/h3>\n\n\n\n<p class=\"copy-link\">G\u00f6rresstr.8a<br>80798 M\u00fcnchen<br>Tel: 089 \/ 21 755 959<br><a href=\"mailto:praxis@heike-rohrbacher.de\">praxis@heike-rohrbacher.de<\/a><br><a href=\"http:\/\/www.psychotherapie-am-josephsplatz.de\">www.psychotherapie-am-josephsplatz.de<\/a><\/p>\n\n\n\n<div style=\"height:10px\" aria-hidden=\"true\" class=\"wp-block-spacer\"><\/div>\n\n\n\n<h3 class=\"wp-block-heading\">Caritas special outpatient clinic for young addicts<\/h3>\n\n\n\n<p class=\"copy-link\">Dachauer Str. 29<br>80335 M\u00fcnchen<br>Tel.: 089 \/ 545 832-0<br>Contact person: Sven Frisch<br><a href=\"mailto:sven.frisch@caritasmuenchen.de\">sven.frisch@caritasmuenchen.de<\/a><\/p>\n\n\n\n<div style=\"height:10px\" aria-hidden=\"true\" class=\"wp-block-spacer\"><\/div>\n\n\n\n<h3 class=\"wp-block-heading\">Adolescents and drug counselling Dresden<\/h3>\n\n\n\n<p class=\"copy-link\">Wiener Stra\u00dfe 41<br>01219 Dresden<br>Tel.: 0351 \/ 427 730<br>Contact person: Vivien G\u00f6tzke-Tonn<br><a href=\"mailto:info@drogenberatung-dresden.de\">info@drogenberatung-dresden.de<\/a><\/p>\n\n\n\n<div style=\"height:10px\" aria-hidden=\"true\" class=\"wp-block-spacer\"><\/div>\n\n\n\n<h3 class=\"wp-block-heading\">LogIn Adolescents &amp; Addiction Counselling<\/h3>\n\n\n\n<p class=\"copy-link\">Kaiser-Friedrich-Str. 82<br>10585 Berlin<br>Tel.: 030 \/ 21 57 833<br>Contact persons: Mrs. Grastorf, Mrs. Nimir<br><a href=\"mailto:info.login@drogennotdienst.org\">info.login@drogennotdienst.org<\/a><\/p>\n\n\n\n<div style=\"height:10px\" aria-hidden=\"true\" class=\"wp-block-spacer\"><\/div>\n\n\n\n<h3 class=\"wp-block-heading\">Therapieladen e.V.<\/h3>\n\n\n\n<p class=\"copy-link\">Potsdamer Stra\u00dfe 131<br>10783 Berlin<br>Tel.: 030 \/ 23 60 779-0<br><a href=\"mailto:info@therapieladen.de\">info@therapieladen.de<\/a><\/p>\n\n\n\n<div style=\"height:10px\" aria-hidden=\"true\" class=\"wp-block-spacer\"><\/div>\n\n\n\n<h3 class=\"wp-block-heading\">Boje \u2013 Addiction Counselling &amp; Treatment<\/h3>\n\n\n\n<p class=\"copy-link\">Brauhausstieg 15-17<br>22041 Hamburg<br>Tel.: 040 \/ 444 091\u00a0 or:\u00a0 040 \/ 73 14 949<br><a href=\"mailto:zelmer@dieboje.de\">zelmer@dieboje.de<\/a>\u00a0 or: \u00a0<a href=\"mailto:nauruschat@dieboje.de\">nauruschat@dieboje.de<\/a><\/p>\n\n\n\n<div style=\"height:10px\" aria-hidden=\"true\" class=\"wp-block-spacer\"><\/div>\n\n\n\n<h3 class=\"wp-block-heading\">Psychosoziale Beratungs- und Behandlungsstelle f\u00fcr Suchtgef\u00e4hrdete und \u2013kranke<\/h3>\n\n\n\n<p class=\"copy-link\">(Psychosocial Counselling and Treatment Service for Addictions)<br>L\u00f6bauer Str.48<br>02625 Bautzen<br>Tel.: 03591 \/ 32 61 140<br><a href=\"mailto:suchtberatung@awo-bautzen.de\">suchtberatung@awo-bautzen.de<\/a><\/p>\n\n\n\n<div style=\"height:10px\" aria-hidden=\"true\" class=\"wp-block-spacer\"><\/div>\n\n\n\n<h3 class=\"wp-block-heading\">Release Stuttgart e.V. &amp;<br>Ambulante Beratungs- und Behandlungsstelle Klinikum Stuttgart (Kooperation)<\/h3>\n\n\n\n<p class=\"copy-link\">Villastr. 11<br>70190 Stuttgart<br>Tel.: 0711 \/ 60 173 730<br><a href=\"mailto:release-villa@release-drogenberatung.de\">release-villa@release-drogenberatung.de<\/a><br>and<br>T\u00fcrlenstr. 22a<br>70191 Stuttgart<br>Tel.: 0711 \/ 25 329 305<br><a href=\"mailto:suchtberatung@klinikum.de\">suchtberatung@klinikum.de<\/a><\/p>\n\n\n\n<div style=\"height:10px\" aria-hidden=\"true\" class=\"wp-block-spacer\"><\/div>\n\n\n\n<h3 class=\"wp-block-heading\">Suchtambulanz der LWL-Klinik M\u00fcnster<\/h3>\n\n\n\n<p class=\"copy-link\">(Outpatient Clinic for Addictions at the LWL Hospital M\u00fcnster)<br>Friedrich-Wilhelm-Weber-Str. 30<br>48147 M\u00fcnster<br>Tel.: 0251 \/ 591-02<br><a href=\"mailto:suchtambulanz@wkp-lwl.org\">suchtambulanz@wkp-lwl.org<\/a><\/p>\n\n\n\n<div style=\"height:10px\" aria-hidden=\"true\" class=\"wp-block-spacer\"><\/div>\n\n\n\n<h3 class=\"wp-block-heading\">Caritas Fachambulanz f\u00fcr Suchtpr\u00e4vention und Rehabilitation Osnabr\u00fcck<\/h3>\n\n\n\n<p class=\"copy-link\">(Caritas Special Outpatient Clinic for Addiction Prevention and Rehabilitation Osnabr\u00fcck)<br>Johannisstra\u00dfe 91<br>49074 Osnabr\u00fcck<br>Tel.: 0541 \/ 341-404<br>Contact persons: Mr. J. Kirchhoff, Claudia Westermann<br><a href=\"mailto:JKirchhoff@caritas-os.de\">JKirchhoff@caritas-os.de<\/a><\/p>\n\n\n\n<div style=\"height:10px\" aria-hidden=\"true\" class=\"wp-block-spacer\"><\/div>\n\n\n\n<h3 class=\"wp-block-heading\">Drobs Hannover<\/h3>\n\n\n\n<p class=\"copy-link\">Odeonstra\u00dfe 14<br>30159 Hannover<br>Contact persons:<br>Katrin Alberts: 0511 \/ 70 14 633<br>H. Wollnik: 0511 \/ 70 14 624<br><a href=\"mailto:Katrin.Alberts@step-hannover.de\">Katrin.Alberts@step-hannover.de<\/a><\/p>\n\n\n\n<div style=\"height:10px\" aria-hidden=\"true\" class=\"wp-block-spacer\"><\/div>\n\n\n\n<h3 class=\"wp-block-heading\">Jugend- und Drogenberatung Braunschweig<\/h3>\n\n\n\n<p class=\"copy-link\">(Drug Counselling Braunschweig)<br>Outpost \u201eClear&#8221;<br>Saarbr\u00fcckener Str. 50<br>38116 Braunschweig<br>Contact persons:<br>Mrs. Scornavacche: 0531 \/ 220 900<br>Mrs. Herzmann: 0531 \/ 48 07 990<br><a href=\"mailto:drobs-braunschweig@paritaetischer-bs.de\">drobs-braunschweig@paritaetischer-bs.de<\/a><\/p>\n","protected":false},"excerpt":{"rendered":"<p>In Germany, Poland, Austria, Switzerland, South Tyrol and Luxembourg many addiction treatment centers and outpatient settings offer the CANDIS programme. The following settings are only a small selection of places, where the CANDIS Therapy Programme is applied: Technical University Dresden Special outpatient clinic for alcohol, marijuana, pathological gamblingand smoking cessationDipl.-Psych. Anja PixaChemnitzer Stra\u00dfe 46a01187 DresdenTel.: [&hellip;]<\/p>\n","protected":false},"author":1,"featured_media":0,"parent":0,"menu_order":0,"comment_status":"closed","ping_status":"closed","template":"","meta":{"_uag_custom_page_level_css":"","footnotes":""},"class_list":["post-123","page","type-page","status-publish","hentry"],"yoast_head":"<!-- This site is optimized with the Yoast SEO plugin v25.8 - https:\/\/yoast.com\/wordpress\/plugins\/seo\/ -->\n<title>Therapy offers - CANDIS - english version<\/title>\n<meta name=\"robots\" content=\"index, follow, max-snippet:-1, max-image-preview:large, max-video-preview:-1\" \/>\n<link rel=\"canonical\" href=\"https:\/\/candis-projekt.de\/en\/addiction-counselling\/\" \/>\n<meta property=\"og:locale\" content=\"en_GB\" \/>\n<meta property=\"og:type\" content=\"article\" \/>\n<meta property=\"og:title\" content=\"Therapy offers - CANDIS - english version\" \/>\n<meta property=\"og:description\" content=\"In Germany, Poland, Austria, Switzerland, South Tyrol and Luxembourg many addiction treatment centers and outpatient settings offer the CANDIS programme. The following settings are only a small selection of places, where the CANDIS Therapy Programme is applied: Technical University Dresden Special outpatient clinic for alcohol, marijuana, pathological gamblingand smoking cessationDipl.-Psych. Anja PixaChemnitzer Stra\u00dfe 46a01187 DresdenTel.: [&hellip;]\" \/>\n<meta property=\"og:url\" content=\"https:\/\/candis-projekt.de\/en\/addiction-counselling\/\" \/>\n<meta property=\"og:site_name\" content=\"CANDIS - english version\" \/>\n<meta property=\"article:modified_time\" content=\"2025-05-04T11:54:50+00:00\" \/>\n<meta name=\"twitter:card\" content=\"summary_large_image\" \/>\n<meta name=\"twitter:label1\" content=\"Estimated reading time\" \/>\n\t<meta name=\"twitter:data1\" content=\"2 minutes\" \/>\n<script type=\"application\/ld+json\" class=\"yoast-schema-graph\">{\"@context\":\"https:\/\/schema.org\",\"@graph\":[{\"@type\":\"WebPage\",\"@id\":\"https:\/\/candis-projekt.de\/en\/addiction-counselling\/\",\"url\":\"https:\/\/candis-projekt.de\/en\/addiction-counselling\/\",\"name\":\"Therapy offers - CANDIS - english version\",\"isPartOf\":{\"@id\":\"https:\/\/candis-projekt.de\/en\/#website\"},\"datePublished\":\"2020-07-03T00:58:20+00:00\",\"dateModified\":\"2025-05-04T11:54:50+00:00\",\"breadcrumb\":{\"@id\":\"https:\/\/candis-projekt.de\/en\/addiction-counselling\/#breadcrumb\"},\"inLanguage\":\"en-GB\",\"potentialAction\":[{\"@type\":\"ReadAction\",\"target\":[\"https:\/\/candis-projekt.de\/en\/addiction-counselling\/\"]}]},{\"@type\":\"BreadcrumbList\",\"@id\":\"https:\/\/candis-projekt.de\/en\/addiction-counselling\/#breadcrumb\",\"itemListElement\":[{\"@type\":\"ListItem\",\"position\":1,\"name\":\"Startseite\",\"item\":\"https:\/\/candis-projekt.de\/en\/\"},{\"@type\":\"ListItem\",\"position\":2,\"name\":\"Therapy offers\"}]},{\"@type\":\"WebSite\",\"@id\":\"https:\/\/candis-projekt.de\/en\/#website\",\"url\":\"https:\/\/candis-projekt.de\/en\/\",\"name\":\"CANDIS - english version\",\"description\":\"Withdrawal therapy for cannabis addiction\",\"publisher\":{\"@id\":\"https:\/\/candis-projekt.de\/en\/#organization\"},\"potentialAction\":[{\"@type\":\"SearchAction\",\"target\":{\"@type\":\"EntryPoint\",\"urlTemplate\":\"https:\/\/candis-projekt.de\/en\/?s={search_term_string}\"},\"query-input\":{\"@type\":\"PropertyValueSpecification\",\"valueRequired\":true,\"valueName\":\"search_term_string\"}}],\"inLanguage\":\"en-GB\"},{\"@type\":\"Organization\",\"@id\":\"https:\/\/candis-projekt.de\/en\/#organization\",\"name\":\"CANDIS - english version\",\"url\":\"https:\/\/candis-projekt.de\/en\/\",\"logo\":{\"@type\":\"ImageObject\",\"inLanguage\":\"en-GB\",\"@id\":\"https:\/\/candis-projekt.de\/en\/#\/schema\/logo\/image\/\",\"url\":\"https:\/\/candis-projekt.de\/en\/wp-content\/uploads\/sites\/3\/2020\/07\/cannabis-withdrawal-therapy-candis.png\",\"contentUrl\":\"https:\/\/candis-projekt.de\/en\/wp-content\/uploads\/sites\/3\/2020\/07\/cannabis-withdrawal-therapy-candis.png\",\"width\":264,\"height\":174,\"caption\":\"CANDIS - english version\"},\"image\":{\"@id\":\"https:\/\/candis-projekt.de\/en\/#\/schema\/logo\/image\/\"}}]}<\/script>\n<!-- \/ Yoast SEO plugin. -->","yoast_head_json":{"title":"Therapy offers - CANDIS - english version","robots":{"index":"index","follow":"follow","max-snippet":"max-snippet:-1","max-image-preview":"max-image-preview:large","max-video-preview":"max-video-preview:-1"},"canonical":"https:\/\/candis-projekt.de\/en\/addiction-counselling\/","og_locale":"en_GB","og_type":"article","og_title":"Therapy offers - CANDIS - english version","og_description":"In Germany, Poland, Austria, Switzerland, South Tyrol and Luxembourg many addiction treatment centers and outpatient settings offer the CANDIS programme. The following settings are only a small selection of places, where the CANDIS Therapy Programme is applied: Technical University Dresden Special outpatient clinic for alcohol, marijuana, pathological gamblingand smoking cessationDipl.-Psych. Anja PixaChemnitzer Stra\u00dfe 46a01187 DresdenTel.: [&hellip;]","og_url":"https:\/\/candis-projekt.de\/en\/addiction-counselling\/","og_site_name":"CANDIS - english version","article_modified_time":"2025-05-04T11:54:50+00:00","twitter_card":"summary_large_image","twitter_misc":{"Estimated reading time":"2 minutes"},"schema":{"@context":"https:\/\/schema.org","@graph":[{"@type":"WebPage","@id":"https:\/\/candis-projekt.de\/en\/addiction-counselling\/","url":"https:\/\/candis-projekt.de\/en\/addiction-counselling\/","name":"Therapy offers - CANDIS - english version","isPartOf":{"@id":"https:\/\/candis-projekt.de\/en\/#website"},"datePublished":"2020-07-03T00:58:20+00:00","dateModified":"2025-05-04T11:54:50+00:00","breadcrumb":{"@id":"https:\/\/candis-projekt.de\/en\/addiction-counselling\/#breadcrumb"},"inLanguage":"en-GB","potentialAction":[{"@type":"ReadAction","target":["https:\/\/candis-projekt.de\/en\/addiction-counselling\/"]}]},{"@type":"BreadcrumbList","@id":"https:\/\/candis-projekt.de\/en\/addiction-counselling\/#breadcrumb","itemListElement":[{"@type":"ListItem","position":1,"name":"Startseite","item":"https:\/\/candis-projekt.de\/en\/"},{"@type":"ListItem","position":2,"name":"Therapy offers"}]},{"@type":"WebSite","@id":"https:\/\/candis-projekt.de\/en\/#website","url":"https:\/\/candis-projekt.de\/en\/","name":"CANDIS - english version","description":"Withdrawal therapy for cannabis addiction","publisher":{"@id":"https:\/\/candis-projekt.de\/en\/#organization"},"potentialAction":[{"@type":"SearchAction","target":{"@type":"EntryPoint","urlTemplate":"https:\/\/candis-projekt.de\/en\/?s={search_term_string}"},"query-input":{"@type":"PropertyValueSpecification","valueRequired":true,"valueName":"search_term_string"}}],"inLanguage":"en-GB"},{"@type":"Organization","@id":"https:\/\/candis-projekt.de\/en\/#organization","name":"CANDIS - english version","url":"https:\/\/candis-projekt.de\/en\/","logo":{"@type":"ImageObject","inLanguage":"en-GB","@id":"https:\/\/candis-projekt.de\/en\/#\/schema\/logo\/image\/","url":"https:\/\/candis-projekt.de\/en\/wp-content\/uploads\/sites\/3\/2020\/07\/cannabis-withdrawal-therapy-candis.png","contentUrl":"https:\/\/candis-projekt.de\/en\/wp-content\/uploads\/sites\/3\/2020\/07\/cannabis-withdrawal-therapy-candis.png","width":264,"height":174,"caption":"CANDIS - english version"},"image":{"@id":"https:\/\/candis-projekt.de\/en\/#\/schema\/logo\/image\/"}}]}},"uagb_featured_image_src":{"full":false,"thumbnail":false,"medium":false,"medium_large":false,"large":false,"1536x1536":false,"2048x2048":false},"uagb_author_info":{"display_name":"candis","author_link":"https:\/\/candis-projekt.de\/en\/author\/munter19answerk\/"},"uagb_comment_info":0,"uagb_excerpt":"In Germany, Poland, Austria, Switzerland, South Tyrol and Luxembourg many addiction treatment centers and outpatient settings offer the CANDIS programme. The following settings are only a small selection of places, where the CANDIS Therapy Programme is applied: Technical University Dresden Special outpatient clinic for alcohol, marijuana, pathological gamblingand smoking cessationDipl.-Psych. Anja PixaChemnitzer Stra\u00dfe 46a01187 DresdenTel.:&hellip;","_links":{"self":[{"href":"https:\/\/candis-projekt.de\/en\/wp-json\/wp\/v2\/pages\/123","targetHints":{"allow":["GET"]}}],"collection":[{"href":"https:\/\/candis-projekt.de\/en\/wp-json\/wp\/v2\/pages"}],"about":[{"href":"https:\/\/candis-projekt.de\/en\/wp-json\/wp\/v2\/types\/page"}],"author":[{"embeddable":true,"href":"https:\/\/candis-projekt.de\/en\/wp-json\/wp\/v2\/users\/1"}],"replies":[{"embeddable":true,"href":"https:\/\/candis-projekt.de\/en\/wp-json\/wp\/v2\/comments?post=123"}],"version-history":[{"count":4,"href":"https:\/\/candis-projekt.de\/en\/wp-json\/wp\/v2\/pages\/123\/revisions"}],"predecessor-version":[{"id":283,"href":"https:\/\/candis-projekt.de\/en\/wp-json\/wp\/v2\/pages\/123\/revisions\/283"}],"wp:attachment":[{"href":"https:\/\/candis-projekt.de\/en\/wp-json\/wp\/v2\/media?parent=123"}],"curies":[{"name":"wp","href":"https:\/\/api.w.org\/{rel}","templated":true}]}}