{"id":11,"date":"2020-07-01T21:51:49","date_gmt":"2020-07-01T19:51:49","guid":{"rendered":"https:\/\/candis-projekt.de\/en\/?page_id=11"},"modified":"2025-05-08T12:00:31","modified_gmt":"2025-05-08T10:00:31","slug":"contact","status":"publish","type":"page","link":"https:\/\/candis-projekt.de\/en\/contact\/","title":{"rendered":"Contact"},"content":{"rendered":"\n<div style=\"height:1px\" aria-hidden=\"true\" class=\"wp-block-spacer uag-hide-mob\"><\/div>\n\n\n\n<h2 class=\"wp-block-heading manual has-accent-1-color has-text-color has-link-color wp-elements-e5afd3564ef2667b9a056db3dc4305d9\">Contact person<\/h2>\n\n\n\n<p>PD DSc. Eva Hoch<\/p>\n\n\n\n<p>Klinik und Poliklinik f\u00fcr Psychiatrie und Psychotherapie<br>Klinikum der Universit\u00e4t M\u00fcnchen Campus Innenstadt<br>Nu\u00dfbaumstr. 7, 80336 Munich<\/p>\n\n\n\n<p class=\"copy-link\">E-Mail: <a href=\"mailto:Eva.Hoch@med.uni-muenchen.de\">Eva.Hoch@med.uni-muenchen.de<\/a><br><a href=\"http:\/\/www.klinikum.uni-muenchen.de\" target=\"_blank\" rel=\"noopener noreferrer\">www.klinikum.uni-muenchen.de<\/a><\/p>\n\n\n\n<h3 class=\"wp-block-heading teltitel\">Tel: 089 \/ 4400 55 382<\/h3>\n","protected":false},"excerpt":{"rendered":"<p>Contact person PD DSc. Eva Hoch Klinik und Poliklinik f\u00fcr Psychiatrie und PsychotherapieKlinikum der Universit\u00e4t M\u00fcnchen Campus InnenstadtNu\u00dfbaumstr. 7, 80336 Munich E-Mail: Eva.Hoch@med.uni-muenchen.dewww.klinikum.uni-muenchen.de Tel: 089 \/ 4400 55 382<\/p>\n","protected":false},"author":1,"featured_media":0,"parent":0,"menu_order":0,"comment_status":"closed","ping_status":"closed","template":"","meta":{"_uag_custom_page_level_css":"","footnotes":""},"class_list":["post-11","page","type-page","status-publish","hentry"],"yoast_head":"<!-- This site is optimized with the Yoast SEO plugin v25.8 - https:\/\/yoast.com\/wordpress\/plugins\/seo\/ -->\n<title>Contact - CANDIS - english version<\/title>\n<meta name=\"robots\" content=\"index, follow, max-snippet:-1, max-image-preview:large, max-video-preview:-1\" \/>\n<link rel=\"canonical\" href=\"https:\/\/candis-projekt.de\/en\/contact\/\" \/>\n<meta property=\"og:locale\" content=\"en_GB\" \/>\n<meta property=\"og:type\" content=\"article\" \/>\n<meta property=\"og:title\" content=\"Contact - CANDIS - english version\" \/>\n<meta property=\"og:description\" content=\"Contact person PD DSc. Eva Hoch Klinik und Poliklinik f\u00fcr Psychiatrie und PsychotherapieKlinikum der Universit\u00e4t M\u00fcnchen Campus InnenstadtNu\u00dfbaumstr. 7, 80336 Munich E-Mail: Eva.Hoch@med.uni-muenchen.dewww.klinikum.uni-muenchen.de Tel: 089 \/ 4400 55 382\" \/>\n<meta property=\"og:url\" content=\"https:\/\/candis-projekt.de\/en\/contact\/\" \/>\n<meta property=\"og:site_name\" content=\"CANDIS - english version\" \/>\n<meta property=\"article:modified_time\" content=\"2025-05-08T10:00:31+00:00\" \/>\n<meta name=\"twitter:card\" content=\"summary_large_image\" \/>\n<meta name=\"twitter:label1\" content=\"Estimated reading time\" \/>\n\t<meta name=\"twitter:data1\" content=\"1 minute\" \/>\n<script type=\"application\/ld+json\" class=\"yoast-schema-graph\">{\"@context\":\"https:\/\/schema.org\",\"@graph\":[{\"@type\":\"WebPage\",\"@id\":\"https:\/\/candis-projekt.de\/en\/contact\/\",\"url\":\"https:\/\/candis-projekt.de\/en\/contact\/\",\"name\":\"Contact - CANDIS - english version\",\"isPartOf\":{\"@id\":\"https:\/\/candis-projekt.de\/en\/#website\"},\"datePublished\":\"2020-07-01T19:51:49+00:00\",\"dateModified\":\"2025-05-08T10:00:31+00:00\",\"breadcrumb\":{\"@id\":\"https:\/\/candis-projekt.de\/en\/contact\/#breadcrumb\"},\"inLanguage\":\"en-GB\",\"potentialAction\":[{\"@type\":\"ReadAction\",\"target\":[\"https:\/\/candis-projekt.de\/en\/contact\/\"]}]},{\"@type\":\"BreadcrumbList\",\"@id\":\"https:\/\/candis-projekt.de\/en\/contact\/#breadcrumb\",\"itemListElement\":[{\"@type\":\"ListItem\",\"position\":1,\"name\":\"Startseite\",\"item\":\"https:\/\/candis-projekt.de\/en\/\"},{\"@type\":\"ListItem\",\"position\":2,\"name\":\"Contact\"}]},{\"@type\":\"WebSite\",\"@id\":\"https:\/\/candis-projekt.de\/en\/#website\",\"url\":\"https:\/\/candis-projekt.de\/en\/\",\"name\":\"CANDIS - english version\",\"description\":\"Withdrawal therapy for cannabis addiction\",\"publisher\":{\"@id\":\"https:\/\/candis-projekt.de\/en\/#organization\"},\"potentialAction\":[{\"@type\":\"SearchAction\",\"target\":{\"@type\":\"EntryPoint\",\"urlTemplate\":\"https:\/\/candis-projekt.de\/en\/?s={search_term_string}\"},\"query-input\":{\"@type\":\"PropertyValueSpecification\",\"valueRequired\":true,\"valueName\":\"search_term_string\"}}],\"inLanguage\":\"en-GB\"},{\"@type\":\"Organization\",\"@id\":\"https:\/\/candis-projekt.de\/en\/#organization\",\"name\":\"CANDIS - english version\",\"url\":\"https:\/\/candis-projekt.de\/en\/\",\"logo\":{\"@type\":\"ImageObject\",\"inLanguage\":\"en-GB\",\"@id\":\"https:\/\/candis-projekt.de\/en\/#\/schema\/logo\/image\/\",\"url\":\"https:\/\/candis-projekt.de\/en\/wp-content\/uploads\/sites\/3\/2020\/07\/cannabis-withdrawal-therapy-candis.png\",\"contentUrl\":\"https:\/\/candis-projekt.de\/en\/wp-content\/uploads\/sites\/3\/2020\/07\/cannabis-withdrawal-therapy-candis.png\",\"width\":264,\"height\":174,\"caption\":\"CANDIS - english version\"},\"image\":{\"@id\":\"https:\/\/candis-projekt.de\/en\/#\/schema\/logo\/image\/\"}}]}<\/script>\n<!-- \/ Yoast SEO plugin. -->","yoast_head_json":{"title":"Contact - CANDIS - english version","robots":{"index":"index","follow":"follow","max-snippet":"max-snippet:-1","max-image-preview":"max-image-preview:large","max-video-preview":"max-video-preview:-1"},"canonical":"https:\/\/candis-projekt.de\/en\/contact\/","og_locale":"en_GB","og_type":"article","og_title":"Contact - CANDIS - english version","og_description":"Contact person PD DSc. Eva Hoch Klinik und Poliklinik f\u00fcr Psychiatrie und PsychotherapieKlinikum der Universit\u00e4t M\u00fcnchen Campus InnenstadtNu\u00dfbaumstr. 7, 80336 Munich E-Mail: Eva.Hoch@med.uni-muenchen.dewww.klinikum.uni-muenchen.de Tel: 089 \/ 4400 55 382","og_url":"https:\/\/candis-projekt.de\/en\/contact\/","og_site_name":"CANDIS - english version","article_modified_time":"2025-05-08T10:00:31+00:00","twitter_card":"summary_large_image","twitter_misc":{"Estimated reading time":"1 minute"},"schema":{"@context":"https:\/\/schema.org","@graph":[{"@type":"WebPage","@id":"https:\/\/candis-projekt.de\/en\/contact\/","url":"https:\/\/candis-projekt.de\/en\/contact\/","name":"Contact - CANDIS - english version","isPartOf":{"@id":"https:\/\/candis-projekt.de\/en\/#website"},"datePublished":"2020-07-01T19:51:49+00:00","dateModified":"2025-05-08T10:00:31+00:00","breadcrumb":{"@id":"https:\/\/candis-projekt.de\/en\/contact\/#breadcrumb"},"inLanguage":"en-GB","potentialAction":[{"@type":"ReadAction","target":["https:\/\/candis-projekt.de\/en\/contact\/"]}]},{"@type":"BreadcrumbList","@id":"https:\/\/candis-projekt.de\/en\/contact\/#breadcrumb","itemListElement":[{"@type":"ListItem","position":1,"name":"Startseite","item":"https:\/\/candis-projekt.de\/en\/"},{"@type":"ListItem","position":2,"name":"Contact"}]},{"@type":"WebSite","@id":"https:\/\/candis-projekt.de\/en\/#website","url":"https:\/\/candis-projekt.de\/en\/","name":"CANDIS - english version","description":"Withdrawal therapy for cannabis addiction","publisher":{"@id":"https:\/\/candis-projekt.de\/en\/#organization"},"potentialAction":[{"@type":"SearchAction","target":{"@type":"EntryPoint","urlTemplate":"https:\/\/candis-projekt.de\/en\/?s={search_term_string}"},"query-input":{"@type":"PropertyValueSpecification","valueRequired":true,"valueName":"search_term_string"}}],"inLanguage":"en-GB"},{"@type":"Organization","@id":"https:\/\/candis-projekt.de\/en\/#organization","name":"CANDIS - english version","url":"https:\/\/candis-projekt.de\/en\/","logo":{"@type":"ImageObject","inLanguage":"en-GB","@id":"https:\/\/candis-projekt.de\/en\/#\/schema\/logo\/image\/","url":"https:\/\/candis-projekt.de\/en\/wp-content\/uploads\/sites\/3\/2020\/07\/cannabis-withdrawal-therapy-candis.png","contentUrl":"https:\/\/candis-projekt.de\/en\/wp-content\/uploads\/sites\/3\/2020\/07\/cannabis-withdrawal-therapy-candis.png","width":264,"height":174,"caption":"CANDIS - english version"},"image":{"@id":"https:\/\/candis-projekt.de\/en\/#\/schema\/logo\/image\/"}}]}},"uagb_featured_image_src":{"full":false,"thumbnail":false,"medium":false,"medium_large":false,"large":false,"1536x1536":false,"2048x2048":false},"uagb_author_info":{"display_name":"candis","author_link":"https:\/\/candis-projekt.de\/en\/author\/munter19answerk\/"},"uagb_comment_info":0,"uagb_excerpt":"Contact person PD DSc. Eva Hoch Klinik und Poliklinik f\u00fcr Psychiatrie und PsychotherapieKlinikum der Universit\u00e4t M\u00fcnchen Campus InnenstadtNu\u00dfbaumstr. 7, 80336 Munich E-Mail: Eva.Hoch@med.uni-muenchen.dewww.klinikum.uni-muenchen.de Tel: 089 \/ 4400 55 382","_links":{"self":[{"href":"https:\/\/candis-projekt.de\/en\/wp-json\/wp\/v2\/pages\/11","targetHints":{"allow":["GET"]}}],"collection":[{"href":"https:\/\/candis-projekt.de\/en\/wp-json\/wp\/v2\/pages"}],"about":[{"href":"https:\/\/candis-projekt.de\/en\/wp-json\/wp\/v2\/types\/page"}],"author":[{"embeddable":true,"href":"https:\/\/candis-projekt.de\/en\/wp-json\/wp\/v2\/users\/1"}],"replies":[{"embeddable":true,"href":"https:\/\/candis-projekt.de\/en\/wp-json\/wp\/v2\/comments?post=11"}],"version-history":[{"count":5,"href":"https:\/\/candis-projekt.de\/en\/wp-json\/wp\/v2\/pages\/11\/revisions"}],"predecessor-version":[{"id":1649,"href":"https:\/\/candis-projekt.de\/en\/wp-json\/wp\/v2\/pages\/11\/revisions\/1649"}],"wp:attachment":[{"href":"https:\/\/candis-projekt.de\/en\/wp-json\/wp\/v2\/media?parent=11"}],"curies":[{"name":"wp","href":"https:\/\/api.w.org\/{rel}","templated":true}]}}